{"id":108,"date":"2019-03-29T16:32:30","date_gmt":"2019-03-29T15:32:30","guid":{"rendered":"https:\/\/www.dna4u.de\/DNA4U70\/?page_id=108"},"modified":"2021-02-16T10:35:00","modified_gmt":"2021-02-16T09:35:00","slug":"science","status":"publish","type":"page","link":"https:\/\/www.dna4u.de\/DNA4U70\/science-2\/science\/","title":{"rendered":"Science"},"content":{"rendered":"<p style=\"text-align: justify;\">Wir haben hier ein paar Seiten vorbereitet auf denen man einen kleinen Einblick in einige wissenschaftliche Verfahren bekommt. Die Erkl\u00e4rungen sind recht einfach gefasst und erheben keinen Anspruch auf Vollst\u00e4ndigkeit. F\u00fcr genauere Informationen sollte man die Fachliteratur nutzen. Wir wollen diese Seiten im Laufe der Zeit immer weiter vervollst\u00e4ndigen. Wenn Sie auf die Links klicken werden Sie auf die entsprechenden Seiten weitergeleitet.<\/p>\n<ul>\n<li><a href=\"https:\/\/www.dna4u.de\/DNA4U70\/science-2\/klonen\/\">Klonen (hier wird beschrieben, wie aus einer Zelle eines Lebewesens ein identischer Klon produziert wird)<\/a><\/li>\n<li><a href=\"https:\/\/www.dna4u.de\/DNA4U70\/science-2\/therapeutisches-klonen\/\">Therapeutisches Klonen<\/a><\/li>\n<li><a href=\"https:\/\/www.dna4u.de\/DNA4U70\/science-2\/vaterschafts-test\/\">Vaterschafts-Test (seit einigen Monaten oft in der Presse und wie er funktioniert kann man hier erfahren)<\/a><\/li>\n<li><a href=\"https:\/\/www.dna4u.de\/DNA4U70\/science-2\/pcr\/\">PCR (Die Methode mit der man kleinste Mengen an DNA analysieren kann)<\/a><\/li>\n<\/ul>\n","protected":false},"excerpt":{"rendered":"<p>Wir haben hier ein paar Seiten vorbereitet auf denen man einen kleinen Einblick in einige wissenschaftliche Verfahren bekommt. Die Erkl\u00e4rungen sind recht einfach gefasst und erheben keinen Anspruch auf Vollst\u00e4ndigkeit. F\u00fcr genauere Informationen sollte man die Fachliteratur nutzen. Wir wollen diese Seiten im Laufe der Zeit immer weiter vervollst\u00e4ndigen. Wenn Sie auf die Links klicken werden Sie auf die entsprechenden<\/p>\n","protected":false},"author":1,"featured_media":0,"parent":110,"menu_order":10,"comment_status":"closed","ping_status":"closed","template":"","meta":{"ngg_post_thumbnail":0,"footnotes":""},"class_list":["post-108","page","type-page","status-publish","hentry"],"_links":{"self":[{"href":"https:\/\/www.dna4u.de\/DNA4U70\/wp-json\/wp\/v2\/pages\/108","targetHints":{"allow":["GET"]}}],"collection":[{"href":"https:\/\/www.dna4u.de\/DNA4U70\/wp-json\/wp\/v2\/pages"}],"about":[{"href":"https:\/\/www.dna4u.de\/DNA4U70\/wp-json\/wp\/v2\/types\/page"}],"author":[{"embeddable":true,"href":"https:\/\/www.dna4u.de\/DNA4U70\/wp-json\/wp\/v2\/users\/1"}],"replies":[{"embeddable":true,"href":"https:\/\/www.dna4u.de\/DNA4U70\/wp-json\/wp\/v2\/comments?post=108"}],"version-history":[{"count":3,"href":"https:\/\/www.dna4u.de\/DNA4U70\/wp-json\/wp\/v2\/pages\/108\/revisions"}],"predecessor-version":[{"id":1528,"href":"https:\/\/www.dna4u.de\/DNA4U70\/wp-json\/wp\/v2\/pages\/108\/revisions\/1528"}],"up":[{"embeddable":true,"href":"https:\/\/www.dna4u.de\/DNA4U70\/wp-json\/wp\/v2\/pages\/110"}],"wp:attachment":[{"href":"https:\/\/www.dna4u.de\/DNA4U70\/wp-json\/wp\/v2\/media?parent=108"}],"curies":[{"name":"wp","href":"https:\/\/api.w.org\/{rel}","templated":true}]}}