{"id":122,"date":"2019-03-29T16:46:18","date_gmt":"2019-03-29T15:46:18","guid":{"rendered":"https:\/\/www.dna4u.de\/DNA4U70\/?page_id=122"},"modified":"2020-08-12T20:26:46","modified_gmt":"2020-08-12T18:26:46","slug":"vaterschafts-test","status":"publish","type":"page","link":"https:\/\/www.dna4u.de\/DNA4U70\/science-2\/vaterschafts-test\/","title":{"rendered":"Vaterschafts-Test"},"content":{"rendered":"<p style=\"text-align: justify;\">Hier wird auf einfache Weise erkl\u00e4rt, wie ein Vaterschaftstest bzw. ein genetischer Fingerabdruck funktioniert.<\/p>\n<p style=\"text-align: justify;\">Hierbei sind folgende Dinge zu beachten:<\/p>\n<ol style=\"text-align: justify;\">\n<li>Im Genom treten kurze sich wiederholende Sequenzen auf, die sogenannten <em>short tandem repeats<\/em> (STR). Die Anzahl dieser Wiederholung kann jedoch variieren und ist von Mensch zu Mensch unterschiedlich.<\/li>\n<li>Um bestimmte Bereiche des Genoms (und damit der DNA) zu &#8222;vermehren&#8220; setzt man die <a href=\"https:\/\/www.dna4u.de\/dna4ucmsms\/index.php?page=pcr\">PCR (<em>polymerase chain reaction<\/em>)<\/a> ein. Hierbei werden kleine DNA-St\u00fccke eingesetzt (Primer), die an die DNA binden. Man kann durch den Einsatz von Enzymen die DNA-Bereiche die zwischen den Primern liegen &#8222;vermehren&#8220;.<\/li>\n<\/ol>\n<p style=\"text-align: justify;\">Wenn man nun verschiedene Primer einsetzt und diese PCR durchf\u00fchrt bekommt man eine gr\u00f6\u00dfere Menge dieser kleinen &#8222;vermehrten&#8220; DNA-Bereiche. Die tr\u00e4gt man auf eine Art Gel auf und schlie\u00dft eine Spannungsquelle an. Im elektrischen Feld wandern diese DNA-St\u00fccke, die kleineren wandern schneller, die gr\u00f6\u00dferen langsamer.<br \/>\nDas ergibt ein Bandenmuster, das von Mensch zu Mensch verschieden ist. Da diese STRs von den Eltern an das Kind vererbt werden, entspricht der eine Teil des Bandenmusters dem der Mutter, der andere Teil dem des Vaters.<\/p>\n<p style=\"text-align: justify;\"><a href=\"https:\/\/www.dna4u.de\/DNA4U70\/wp-content\/uploads\/Images\/Science\/vaterschaft.jpg\"><img loading=\"lazy\" decoding=\"async\" class=\"size-medium wp-image-123 alignleft\" src=\"https:\/\/www.dna4u.de\/DNA4U70\/wp-content\/uploads\/Images\/Science\/vaterschaft-300x238.jpg\" alt=\"\" width=\"300\" height=\"238\" srcset=\"https:\/\/www.dna4u.de\/DNA4U70\/wp-content\/uploads\/Images\/Science\/vaterschaft-300x238.jpg 300w, https:\/\/www.dna4u.de\/DNA4U70\/wp-content\/uploads\/Images\/Science\/vaterschaft.jpg 437w\" sizes=\"auto, (max-width: 300px) 100vw, 300px\" \/><\/a><\/p>\n<p style=\"text-align: justify;\">S: Ein Marker, mit dem man die Gr\u00f6\u00dfe der DNA-St\u00fccke bestimmen kann.<\/p>\n<p style=\"text-align: justify;\">Banden-Muster:<br \/>\nM: Der Mutter<br \/>\nK: Des Kindes.<br \/>\nV-1: Des m\u00f6glichen Vaters-1.<br \/>\nV-2: Des m\u00f6glichen Vaters-2.<\/p>\n<p style=\"text-align: justify;\">Wie man sieht hat das Kind von der Mutter die obere (rote) Bande und von dem m\u00f6glichen Vater-1 die untere (blaue) Bande. Keine der Banden vom m\u00f6glichen Vater-2 dagegen passt zu denen vom Kind.Das bedeutet, der Vater-2 ist als Vater auszuschlie\u00dfen, w\u00e4hrend Vater-1 der Vater sein k\u00f6nnte.<br \/>\nDurch den Einsatz von mehreren Markern kann man schlie\u00dflich mit gro\u00dfer Sicherheit den Vater ermitteln.<br \/>\nDer genetische Fingerabdruck ist \u00e4hnlich, hierbei wird das entstandene Bandenmuster mit der DNA-Probe vom Tatort verglichen.<\/p>\n<p><a href=\"https:\/\/www.demdoctorseineseite.de\/2019\/01\/19\/mein-genetischer-fingerabdruck\/\" target=\"_blank\" rel=\"noopener noreferrer\">Hier ein Bild eines echten genetischen Fingerabdrucks.<\/a><\/p>\n","protected":false},"excerpt":{"rendered":"<p>Hier wird auf einfache Weise erkl\u00e4rt, wie ein Vaterschaftstest bzw. ein genetischer Fingerabdruck funktioniert. Hierbei sind folgende Dinge zu beachten: Im Genom treten kurze sich wiederholende Sequenzen auf, die sogenannten short tandem repeats (STR). Die Anzahl dieser Wiederholung kann jedoch variieren und ist von Mensch zu Mensch unterschiedlich. Um bestimmte Bereiche des Genoms (und damit der DNA) zu &#8222;vermehren&#8220; setzt<\/p>\n","protected":false},"author":1,"featured_media":0,"parent":110,"menu_order":40,"comment_status":"closed","ping_status":"closed","template":"","meta":{"ngg_post_thumbnail":0,"footnotes":""},"class_list":["post-122","page","type-page","status-publish","hentry"],"_links":{"self":[{"href":"https:\/\/www.dna4u.de\/DNA4U70\/wp-json\/wp\/v2\/pages\/122","targetHints":{"allow":["GET"]}}],"collection":[{"href":"https:\/\/www.dna4u.de\/DNA4U70\/wp-json\/wp\/v2\/pages"}],"about":[{"href":"https:\/\/www.dna4u.de\/DNA4U70\/wp-json\/wp\/v2\/types\/page"}],"author":[{"embeddable":true,"href":"https:\/\/www.dna4u.de\/DNA4U70\/wp-json\/wp\/v2\/users\/1"}],"replies":[{"embeddable":true,"href":"https:\/\/www.dna4u.de\/DNA4U70\/wp-json\/wp\/v2\/comments?post=122"}],"version-history":[{"count":3,"href":"https:\/\/www.dna4u.de\/DNA4U70\/wp-json\/wp\/v2\/pages\/122\/revisions"}],"predecessor-version":[{"id":1468,"href":"https:\/\/www.dna4u.de\/DNA4U70\/wp-json\/wp\/v2\/pages\/122\/revisions\/1468"}],"up":[{"embeddable":true,"href":"https:\/\/www.dna4u.de\/DNA4U70\/wp-json\/wp\/v2\/pages\/110"}],"wp:attachment":[{"href":"https:\/\/www.dna4u.de\/DNA4U70\/wp-json\/wp\/v2\/media?parent=122"}],"curies":[{"name":"wp","href":"https:\/\/api.w.org\/{rel}","templated":true}]}}