{"id":17,"date":"2019-03-29T12:22:22","date_gmt":"2019-03-29T11:22:22","guid":{"rendered":"https:\/\/www.dna4u.de\/DNA4U70\/?page_id=17"},"modified":"2026-01-02T06:45:16","modified_gmt":"2026-01-02T05:45:16","slug":"home","status":"publish","type":"page","link":"https:\/\/www.dna4u.de\/DNA4U70\/","title":{"rendered":"Home"},"content":{"rendered":"<p style=\"text-align: center;\"><span style=\"font-size: large; font-family: arial,helvetica,sans-serif;\"><strong>Wir verpacken Ihre Gene; und Ihr <span style=\"color: #ff0000;\" data-darkreader-inline-color=\"\">BLUT<\/span>.<br \/>\nZu individuellen Schmuckst\u00fccken.<br \/>\n<a title=\"DNA4U-SHOP\" href=\"..\/SHOPCMSMS\/index.htm\" target=\"_blank\" rel=\"noopener noreferrer\">Hier geht es zum SHOP.<\/a><\/strong><\/span><\/p>\n<p>&nbsp;<\/p>\n<p style=\"text-align: justify;\"><span style=\"font-size: medium;\">Haben Sie genug von Socken und Krawatten oder \u00e4hnlichen 08\/15 Geschenken und suchen eine Geschenkidee die au\u00dfergew\u00f6hnlich, pers\u00f6nlich und wirklich einzigartig originell ist? Etwas das nur Sie verschenken k\u00f6nnen? <\/span><br \/>\n<span style=\"font-size: medium;\"> Sie haben es gefunden. Ihre eigene DNA (DNS). Ein Geschenk das aussergew\u00f6hnlich, ungew\u00f6hnlich, besonders, pers\u00f6nlich und individuell ist. <strong><span style=\"color: #ff0000;\" data-darkreader-inline-color=\"\">Wir verpacken Ihre <span style=\"color: #0000ff;\" data-darkreader-inline-color=\"\"><span style=\"font-size: large;\">DNA<\/span><\/span> (Ihr Erbgut) und Ihr <span style=\"color: #0000ff;\" data-darkreader-inline-color=\"\"><span style=\"font-size: large;\">BLUT<\/span><\/span> in Anh\u00e4nger aus Glas.<\/span><\/strong> Als DNA-Anh\u00e4nger, Ohrringe, Schl\u00fcsselanh\u00e4nger, Herzen. Als Schmuck in Gold und Silber.<\/span><\/p>\n<p><a href=\"https:\/\/www.dna4u.de\/DNA4U70\/wp-content\/uploads\/Images\/Home\/Mark_und_Ines.jpg\"><img loading=\"lazy\" decoding=\"async\" class=\"alignnone wp-image-50 size-medium\" src=\"https:\/\/www.dna4u.de\/DNA4U70\/wp-content\/uploads\/Images\/Home\/Mark_und_Ines-300x200.jpg\" alt=\"Dr. Mark Benecke und seine Frau Ines tragen nun auch die Blut-Anh\u00e4nger von DNA4U. benecke.com Foto: Rocksau Pictures\" width=\"300\" height=\"200\" srcset=\"https:\/\/www.dna4u.de\/DNA4U70\/wp-content\/uploads\/Images\/Home\/Mark_und_Ines-300x200.jpg 300w, https:\/\/www.dna4u.de\/DNA4U70\/wp-content\/uploads\/Images\/Home\/Mark_und_Ines-768x512.jpg 768w, https:\/\/www.dna4u.de\/DNA4U70\/wp-content\/uploads\/Images\/Home\/Mark_und_Ines.jpg 999w\" sizes=\"auto, (max-width: 300px) 100vw, 300px\" \/><\/a> <a href=\"https:\/\/www.dna4u.de\/DNA4U70\/wp-content\/uploads\/Images\/Home\/markundinesvampyr.jpeg\"><img loading=\"lazy\" decoding=\"async\" class=\"alignnone wp-image-49 size-medium\" src=\"https:\/\/www.dna4u.de\/DNA4U70\/wp-content\/uploads\/Images\/Home\/markundinesvampyr-300x200.jpeg\" alt=\"Und jetzt auch den Blut-Anh\u00e4nger Vampir.\" width=\"300\" height=\"200\" srcset=\"https:\/\/www.dna4u.de\/DNA4U70\/wp-content\/uploads\/Images\/Home\/markundinesvampyr-300x200.jpeg 300w, https:\/\/www.dna4u.de\/DNA4U70\/wp-content\/uploads\/Images\/Home\/markundinesvampyr-768x512.jpeg 768w, https:\/\/www.dna4u.de\/DNA4U70\/wp-content\/uploads\/Images\/Home\/markundinesvampyr-1024x682.jpeg 1024w, https:\/\/www.dna4u.de\/DNA4U70\/wp-content\/uploads\/Images\/Home\/markundinesvampyr.jpeg 1280w\" sizes=\"auto, (max-width: 300px) 100vw, 300px\" \/><\/a><a href=\"https:\/\/www.dna4u.de\/DNA4U70\/wp-content\/uploads\/2023\/07\/DrMade_Ines1_707d.png\"> <img loading=\"lazy\" decoding=\"async\" class=\"alignnone wp-image-1736\" src=\"https:\/\/www.dna4u.de\/DNA4U70\/wp-content\/uploads\/2023\/07\/DrMade_Ines1_707d-300x225.png\" alt=\"\" width=\"265\" height=\"199\" srcset=\"https:\/\/www.dna4u.de\/DNA4U70\/wp-content\/uploads\/2023\/07\/DrMade_Ines1_707d-300x225.png 300w, https:\/\/www.dna4u.de\/DNA4U70\/wp-content\/uploads\/2023\/07\/DrMade_Ines1_707d.png 640w\" sizes=\"auto, (max-width: 265px) 100vw, 265px\" \/><\/a><\/p>\n<p><a href=\"https:\/\/de.wikipedia.org\/wiki\/Mark_Benecke\" target=\"_blank\" rel=\"noopener\">Dr. Mark Benecke<\/a> (<a href=\"https:\/\/home.benecke.com\" target=\"_blank\" rel=\"noopener\">Dr. Made<\/a>) und seine Frau Ines mit Ihren Blutanh\u00e4ngern.<\/p>\n<table style=\"height: 10px; width: 56.8231%; border-collapse: collapse; border-style: none;\">\n<tbody>\n<tr style=\"height: 92px;\">\n<td style=\"width: 33.3333%; height: 10px;\"><a href=\"https:\/\/www.dna4u.de\/DNA4U70\/wp-content\/uploads\/Images\/Home\/dnafluessigklar.jpg\"><img loading=\"lazy\" decoding=\"async\" class=\"aligncenter wp-image-55\" src=\"https:\/\/www.dna4u.de\/DNA4U70\/wp-content\/uploads\/Images\/Home\/dnafluessigklar-300x265.jpg\" alt=\"Eingef\u00e4rbte DNA in klarer Fl\u00fcssigkeit (DNA-klar).\" width=\"162\" height=\"143\" srcset=\"https:\/\/www.dna4u.de\/DNA4U70\/wp-content\/uploads\/Images\/Home\/dnafluessigklar-300x265.jpg 300w, https:\/\/www.dna4u.de\/DNA4U70\/wp-content\/uploads\/Images\/Home\/dnafluessigklar-768x678.jpg 768w, https:\/\/www.dna4u.de\/DNA4U70\/wp-content\/uploads\/Images\/Home\/dnafluessigklar.jpg 800w\" sizes=\"auto, (max-width: 162px) 100vw, 162px\" \/><\/a><\/td>\n<td style=\"width: 23.5772%; height: 10px;\"><a href=\"https:\/\/www.dna4u.de\/DNA4U70\/wp-content\/uploads\/2023\/08\/Medaillon_Klein.jpg\"><img loading=\"lazy\" decoding=\"async\" class=\"size-medium wp-image-1749 aligncenter\" src=\"https:\/\/www.dna4u.de\/DNA4U70\/wp-content\/uploads\/2023\/08\/Medaillon_Klein-233x300.jpg\" alt=\"\" width=\"233\" height=\"300\" srcset=\"https:\/\/www.dna4u.de\/DNA4U70\/wp-content\/uploads\/2023\/08\/Medaillon_Klein-233x300.jpg 233w, https:\/\/www.dna4u.de\/DNA4U70\/wp-content\/uploads\/2023\/08\/Medaillon_Klein.jpg 540w\" sizes=\"auto, (max-width: 233px) 100vw, 233px\" \/><\/a><\/td>\n<td style=\"width: 33.5818%; height: 10px;\"><a style=\"animation: 1.3s ease-in 0s 1 normal none running bang;\" href=\"https:\/\/www.dna4u.de\/DNA4U70\/wp-content\/uploads\/2020\/07\/40_S_W-DNA-BLUT.jpg\"><img loading=\"lazy\" decoding=\"async\" class=\"aligncenter wp-image-1413\" src=\"https:\/\/www.dna4u.de\/DNA4U70\/wp-content\/uploads\/2020\/07\/40_S_W-DNA-BLUT-228x300.jpg\" alt=\"Bullet-Edition\" width=\"109\" height=\"143\" srcset=\"https:\/\/www.dna4u.de\/DNA4U70\/wp-content\/uploads\/2020\/07\/40_S_W-DNA-BLUT-228x300.jpg 228w, https:\/\/www.dna4u.de\/DNA4U70\/wp-content\/uploads\/2020\/07\/40_S_W-DNA-BLUT.jpg 492w\" sizes=\"auto, (max-width: 109px) 100vw, 109px\" \/><\/a><\/td>\n<\/tr>\n<\/tbody>\n<\/table>\n<p style=\"text-align: justify;\">Woher nehmen wir die DNA?<br \/>\nDie DNA isolieren wir aus Ihrer Mundschleimhaut. Keine Angst, das geht v\u00f6llig schmerzlos. Im Speichel befinden sich genug Mundschleimhautzellen, aus denen die DNA herausgearbeitet wird. Den Speichel geben Sie dann in das R\u00f6hrchen welches mit Ihrer Kundennummer beschriftet ist. Sie schicken uns die R\u00f6hrchen zur\u00fcck und wir isolieren Ihre DNA. Eine genaue Beschreibung finden Sie unter dem Punkt &#8222;<a href=\"https:\/\/www.dna4u.de\/DNA4U70\/unser-produkt-2\/\">UNSER PRODUKT<\/a>&#8220; und die DNA4U-Anleitung f\u00fcr DNA- &amp; BLUT-Anh\u00e4nger finden sie <a href=\"https:\/\/www.dna4u.de\/DNA4U70\/wp-content\/uploads\/2022\/01\/DNA-BLUT-ANLEITUNG_2022.pdf\" target=\"_blank\" rel=\"noopener noreferrer\"><strong>hier<\/strong><\/a><strong>.<\/strong><\/p>\n<table style=\"height: 10px; width: 59.1679%; border-collapse: collapse; border-style: none;\">\n<tbody>\n<tr style=\"height: 10px;\">\n<td style=\"width: 50%; height: 10px;\"><a href=\"https:\/\/www.dna4u.de\/DNA4U70\/wp-content\/uploads\/Images\/Home\/KREUZE-NEWS.jpg\"><img loading=\"lazy\" decoding=\"async\" class=\"aligncenter wp-image-46 size-medium\" src=\"https:\/\/www.dna4u.de\/DNA4U70\/wp-content\/uploads\/Images\/Home\/KREUZE-NEWS-300x113.jpg\" alt=\"Das Blutkreuz und die gro\u00dfe Perle mit Titankappe.\" width=\"300\" height=\"113\" srcset=\"https:\/\/www.dna4u.de\/DNA4U70\/wp-content\/uploads\/Images\/Home\/KREUZE-NEWS-300x113.jpg 300w, https:\/\/www.dna4u.de\/DNA4U70\/wp-content\/uploads\/Images\/Home\/KREUZE-NEWS-768x289.jpg 768w, https:\/\/www.dna4u.de\/DNA4U70\/wp-content\/uploads\/Images\/Home\/KREUZE-NEWS.jpg 851w\" sizes=\"auto, (max-width: 300px) 100vw, 300px\" \/><\/a><\/td>\n<td style=\"width: 26.3411%; height: 10px;\"><a href=\"https:\/\/www.dna4u.de\/DNA4U70\/wp-content\/uploads\/Images\/Pressemappe\/HERZ-CR.jpg\"><img loading=\"lazy\" decoding=\"async\" class=\"aligncenter wp-image-103\" src=\"https:\/\/www.dna4u.de\/DNA4U70\/wp-content\/uploads\/Images\/Pressemappe\/HERZ-CR-300x225.jpg\" alt=\"\" width=\"151\" height=\"113\" srcset=\"https:\/\/www.dna4u.de\/DNA4U70\/wp-content\/uploads\/Images\/Pressemappe\/HERZ-CR-300x225.jpg 300w, https:\/\/www.dna4u.de\/DNA4U70\/wp-content\/uploads\/Images\/Pressemappe\/HERZ-CR-768x576.jpg 768w, https:\/\/www.dna4u.de\/DNA4U70\/wp-content\/uploads\/Images\/Pressemappe\/HERZ-CR-1024x768.jpg 1024w, https:\/\/www.dna4u.de\/DNA4U70\/wp-content\/uploads\/Images\/Pressemappe\/HERZ-CR.jpg 2048w\" sizes=\"auto, (max-width: 151px) 100vw, 151px\" \/><\/a><\/td>\n<\/tr>\n<\/tbody>\n<\/table>\n<p>&nbsp;<\/p>\n<p>&nbsp;<\/p>\n<p>&nbsp;<\/p>\n<p>&nbsp;<\/p>\n<p>&nbsp;<\/p>\n<p style=\"text-align: justify;\">&nbsp;<\/p>\n","protected":false},"excerpt":{"rendered":"<p>Wir verpacken Ihre Gene; und Ihr BLUT. Zu individuellen Schmuckst\u00fccken. Hier geht es zum SHOP. &nbsp; Haben Sie genug von Socken und Krawatten oder \u00e4hnlichen 08\/15 Geschenken und suchen eine Geschenkidee die au\u00dfergew\u00f6hnlich, pers\u00f6nlich und wirklich einzigartig originell ist? Etwas das nur Sie verschenken k\u00f6nnen? Sie haben es gefunden. Ihre eigene DNA (DNS). Ein Geschenk das aussergew\u00f6hnlich, ungew\u00f6hnlich, besonders, pers\u00f6nlich<\/p>\n","protected":false},"author":1,"featured_media":0,"parent":0,"menu_order":0,"comment_status":"closed","ping_status":"closed","template":"","meta":{"ngg_post_thumbnail":0,"footnotes":""},"class_list":["post-17","page","type-page","status-publish","hentry"],"_links":{"self":[{"href":"https:\/\/www.dna4u.de\/DNA4U70\/wp-json\/wp\/v2\/pages\/17","targetHints":{"allow":["GET"]}}],"collection":[{"href":"https:\/\/www.dna4u.de\/DNA4U70\/wp-json\/wp\/v2\/pages"}],"about":[{"href":"https:\/\/www.dna4u.de\/DNA4U70\/wp-json\/wp\/v2\/types\/page"}],"author":[{"embeddable":true,"href":"https:\/\/www.dna4u.de\/DNA4U70\/wp-json\/wp\/v2\/users\/1"}],"replies":[{"embeddable":true,"href":"https:\/\/www.dna4u.de\/DNA4U70\/wp-json\/wp\/v2\/comments?post=17"}],"version-history":[{"count":54,"href":"https:\/\/www.dna4u.de\/DNA4U70\/wp-json\/wp\/v2\/pages\/17\/revisions"}],"predecessor-version":[{"id":1855,"href":"https:\/\/www.dna4u.de\/DNA4U70\/wp-json\/wp\/v2\/pages\/17\/revisions\/1855"}],"wp:attachment":[{"href":"https:\/\/www.dna4u.de\/DNA4U70\/wp-json\/wp\/v2\/media?parent=17"}],"curies":[{"name":"wp","href":"https:\/\/api.w.org\/{rel}","templated":true}]}}