{"id":1779,"date":"2023-12-15T12:00:11","date_gmt":"2023-12-15T11:00:11","guid":{"rendered":"https:\/\/www.dna4u.de\/DNA4U70\/?page_id=1779"},"modified":"2024-01-11T09:22:31","modified_gmt":"2024-01-11T08:22:31","slug":"meine_buecher","status":"publish","type":"page","link":"https:\/\/www.dna4u.de\/DNA4U70\/meine_buecher\/","title":{"rendered":"Meine B\u00fccher"},"content":{"rendered":"<p>Hier meine Versuche als Autor.<\/p>\n<table style=\"border-collapse: collapse; width: 98.7143%; height: 1127px;\">\n<tbody>\n<tr style=\"height: 183px;\">\n<td style=\"width: 33.2857%; text-align: justify; height: 183px;\"><a href=\"https:\/\/www.demdoctorseineseite.de\/wp-content\/uploads\/B\u00fccher\/Sammlung_vorzueglicher_Hausmittel.png\"><img loading=\"lazy\" decoding=\"async\" class=\"size-medium wp-image-5971\" src=\"https:\/\/www.demdoctorseineseite.de\/wp-content\/uploads\/B\u00fccher\/Sammlung_vorzueglicher_Hausmittel-300x220.png\" alt=\"\" width=\"300\" height=\"220\"><\/a><\/td>\n<td style=\"width: 33.4304%; text-align: justify; height: 183px;\"><a href=\"https:\/\/www.demdoctorseineseite.de\/wp-content\/uploads\/B\u00fccher\/Briefe-Einer_Katze_Cover_4_HP.jpg\"><img loading=\"lazy\" decoding=\"async\" class=\"alignnone wp-image-6037\" src=\"https:\/\/www.demdoctorseineseite.de\/wp-content\/uploads\/B\u00fccher\/Briefe-Einer_Katze_Cover_4_HP-300x224.jpg\" alt=\"\" width=\"295\" height=\"220\"><\/a><\/td>\n<td style=\"width: 31.8553%; height: 183px;\">\n<p style=\"text-align: justify;\"><a href=\"https:\/\/www.demdoctorseineseite.de\/wp-content\/uploads\/B\u00fccher\/Cover-4-HP.jpg\"><img loading=\"lazy\" decoding=\"async\" class=\"alignnone wp-image-6036\" src=\"https:\/\/www.demdoctorseineseite.de\/wp-content\/uploads\/B\u00fccher\/Cover-4-HP-300x224.jpg\" alt=\"\" width=\"294\" height=\"220\"><\/a><\/p>\n<\/td>\n<\/tr>\n<tr style=\"height: 30px;\">\n<td style=\"width: 33.2857%; height: 10px; text-align: center;\">\n<p style=\"text-align: center;\"><a href=\"https:\/\/www.demdoctorseineseite.de\/harutyun-artin\/buecher\/sammlung-vorzueglicher-hausmittel\/\" target=\"_blank\" rel=\"noopener\">Sammlung vorz\u00fcglicher Hausmittel<\/a><\/p>\n<\/td>\n<td style=\"width: 33.4304%; height: 10px; text-align: center;\"><a href=\"https:\/\/www.demdoctorseineseite.de\/harutyun-artin\/buecher\/briefe-einer-katze\/\" target=\"_blank\" rel=\"noopener\">Briefe einer Katze<\/a><\/td>\n<td style=\"width: 31.8553%; height: 10px; text-align: center;\">\n<p style=\"text-align: center;\"><a href=\"https:\/\/www.demdoctorseineseite.de\/harutyun-artin\/buecher\/oma-trab-und-ihre-katze\/\" target=\"_blank\" rel=\"noopener\">OMA TRAB UND IHRE KATZE<\/a><\/p>\n<\/td>\n<\/tr>\n<tr style=\"height: 224px;\">\n<td style=\"width: 33.2857%; height: 100px;\">\n<p style=\"text-align: center;\"><a href=\"https:\/\/www.demdoctorseineseite.de\/wp-content\/uploads\/B\u00fccher\/bew\u00e4hrter_und_vollst\u00e4ndiger_Hausdoktor_1930.jpg\"><img loading=\"lazy\" decoding=\"async\" class=\"aligncenter wp-image-4772\" src=\"https:\/\/www.demdoctorseineseite.de\/wp-content\/uploads\/B\u00fccher\/bew\u00e4hrter_und_vollst\u00e4ndiger_Hausdoktor_1930-300x227.jpg\" alt=\"\" width=\"303\" height=\"230\"><\/a><\/p>\n<\/td>\n<td style=\"width: 33.4304%; text-align: center; height: 100px;\"><a href=\"https:\/\/www.demdoctorseineseite.de\/wp-content\/uploads\/B\u00fccher\/Der-Selbstarzt-COVER4HP.jpg\"><img loading=\"lazy\" decoding=\"async\" class=\"alignleft wp-image-5791\" src=\"https:\/\/www.demdoctorseineseite.de\/wp-content\/uploads\/B\u00fccher\/Der-Selbstarzt-COVER4HP-300x229.jpg\" alt=\"\" width=\"301\" height=\"230\"><\/a><\/td>\n<td style=\"width: 31.8553%; height: 100px;\">\n<p style=\"text-align: center;\"><a href=\"https:\/\/www.demdoctorseineseite.de\/wp-content\/uploads\/Artin\/B\u00fccher\/Neuer_vollst\u00e4ndiger_Hausdoktor_1900\/Cover-Demdoctorseineseite-Beige.jpg\"><img loading=\"lazy\" decoding=\"async\" class=\"aligncenter wp-image-4141\" src=\"https:\/\/www.demdoctorseineseite.de\/wp-content\/uploads\/Artin\/B\u00fccher\/Neuer_vollst\u00e4ndiger_Hausdoktor_1900\/Cover-Demdoctorseineseite-Beige-300x228.jpg\" alt=\"\" width=\"302\" height=\"230\"><\/a><\/p>\n<\/td>\n<\/tr>\n<tr style=\"height: 38px;\">\n<td style=\"width: 33.2857%; height: 10px;\">\n<p style=\"text-align: center;\"><a href=\"https:\/\/www.demdoctorseineseite.de\/harutyun-artin\/buecher\/bewaehrter-und-vollstaendiger-hausdoktor-1930\/\" target=\"_blank\" rel=\"noopener\">Bew\u00e4hrter und vollst\u00e4ndiger Hausdoktor<\/a><\/p>\n<\/td>\n<td style=\"width: 33.4304%; text-align: center; height: 10px;\"><a href=\"https:\/\/www.demdoctorseineseite.de\/harutyun-artin\/buecher\/der-selbstarzt\/\" target=\"_blank\" rel=\"noopener\">Der Selbstarzt<\/a><\/td>\n<td style=\"width: 31.8553%; height: 10px;\">\n<p style=\"text-align: center;\"><a href=\"https:\/\/www.demdoctorseineseite.de\/harutyun-artin\/buecher\/neuer-vollstaendiger-hausdoktor-1900\/\" target=\"_blank\" rel=\"noopener\">Neuer vollst\u00e4ndiger Hausdoktor<\/a><\/p>\n<\/td>\n<\/tr>\n<tr style=\"height: 208px;\">\n<td style=\"width: 33.2857%; text-align: center; height: 208px;\"><a href=\"https:\/\/www.demdoctorseineseite.de\/wp-content\/uploads\/2021\/01\/Volksernaehrungsfragen_1908.jpg\"><img loading=\"lazy\" decoding=\"async\" class=\"alignleft size-medium wp-image-4999\" src=\"https:\/\/www.demdoctorseineseite.de\/wp-content\/uploads\/2021\/01\/Volksernaehrungsfragen_1908-300x228.jpg\" alt=\"\" width=\"300\" height=\"228\"><\/a><\/td>\n<td style=\"width: 33.4304%; text-align: center; height: 208px;\"><a href=\"https:\/\/www.demdoctorseineseite.de\/wp-content\/uploads\/B\u00fccher\/BRANDYSALT-COVER4HP.jpg\"><img loading=\"lazy\" decoding=\"async\" class=\"alignleft size-medium wp-image-5800\" src=\"https:\/\/www.demdoctorseineseite.de\/wp-content\/uploads\/B\u00fccher\/BRANDYSALT-COVER4HP-300x228.jpg\" alt=\"\" width=\"300\" height=\"228\"><\/a><\/td>\n<td style=\"width: 31.8553%; text-align: center; height: 208px;\"><a href=\"https:\/\/www.demdoctorseineseite.de\/wp-content\/uploads\/Artin\/B\u00fccher\/Der_kleine_Hausdoktor\/Cover_Der_kleine_Hausdoktor.jpg\"><img loading=\"lazy\" decoding=\"async\" class=\"aligncenter wp-image-1416 size-medium\" src=\"https:\/\/www.demdoctorseineseite.de\/wp-content\/uploads\/Artin\/B\u00fccher\/Der_kleine_Hausdoktor\/Cover_Der_kleine_Hausdoktor-300x232.jpg\" alt=\"\" width=\"300\" height=\"232\"><\/a><\/td>\n<\/tr>\n<tr style=\"height: 72px;\">\n<td style=\"width: 33.2857%; text-align: center; height: 72px;\"><a href=\"https:\/\/www.demdoctorseineseite.de\/harutyun-artin\/buecher\/volksernaehrungsfragen\/\" target=\"_blank\" rel=\"noopener\">Volksern\u00e4hrungsfragen (1908)<\/a><\/td>\n<td style=\"width: 33.4304%; text-align: center; height: 72px;\"><a href=\"https:\/\/www.demdoctorseineseite.de\/harutyun-artin\/buecher\/brandy-and-salt\/\" target=\"_blank\" rel=\"noopener\">BRANDY AND SALT<\/a><\/td>\n<td style=\"width: 31.8553%; text-align: center; height: 72px;\"><a href=\"https:\/\/www.demdoctorseineseite.de\/harutyun-artin\/buecher\/der-kleine-hausdoktor\/\" target=\"_blank\" rel=\"noopener\">Der kleine Hausdoktor<\/a><\/td>\n<\/tr>\n<tr style=\"height: 228px;\">\n<td style=\"width: 33.2857%; text-align: center; height: 10px;\"><a href=\"https:\/\/www.demdoctorseineseite.de\/wp-content\/uploads\/Artin\/B\u00fccher\/73&amp;pi\/COVER_73PI.jpg\"><img loading=\"lazy\" decoding=\"async\" class=\"aligncenter wp-image-3526 size-large\" src=\"https:\/\/www.demdoctorseineseite.de\/wp-content\/uploads\/Artin\/B\u00fccher\/73&amp;pi\/COVER_73PI-1024x627.jpg\" alt=\"\" width=\"860\" height=\"527\"><\/a><\/td>\n<td style=\"width: 33.4304%; text-align: center; height: 10px;\"><a href=\"https:\/\/www.demdoctorseineseite.de\/wp-content\/uploads\/B\u00fccher\/Cover_1000_Fache_4_HP.jpg\"><img loading=\"lazy\" decoding=\"async\" class=\"alignleft size-medium wp-image-6222\" src=\"https:\/\/www.demdoctorseineseite.de\/wp-content\/uploads\/B\u00fccher\/Cover_1000_Fache_4_HP-300x222.jpg\" alt=\"\" width=\"300\" height=\"222\"><\/a><\/td>\n<td style=\"width: 31.8553%; text-align: center; height: 10px;\">&nbsp;<\/td>\n<\/tr>\n<tr style=\"height: 38px;\">\n<td style=\"width: 33.2857%; text-align: center; height: 10px;\"><a href=\"https:\/\/www.demdoctorseineseite.de\/harutyun-artin\/buecher\/73-pi\/\" target=\"_blank\" rel=\"noopener\">73 &amp; Pi<\/a><\/td>\n<td style=\"width: 33.4304%; text-align: center; height: 10px;\"><a href=\"https:\/\/www.demdoctorseineseite.de\/harutyun-artin\/buecher\/die-1000-fache-fundgrube\/\">Die 1000-Fache Fundgrube<\/a><\/td>\n<td style=\"width: 31.8553%; text-align: center; height: 10px;\">&nbsp;<\/td>\n<\/tr>\n<tr style=\"height: 210px;\">\n<td style=\"width: 33.2857%; text-align: center; height: 28px;\"><a href=\"https:\/\/www.demdoctorseineseite.de\/wp-content\/uploads\/Artin\/B\u00fccher\/Jefferson_Bibeln\/Cover_Jefferson_Bibel_KING_JAMES.jpg\"><img loading=\"lazy\" decoding=\"async\" class=\"aligncenter wp-image-1415 size-medium\" src=\"https:\/\/www.demdoctorseineseite.de\/wp-content\/uploads\/Artin\/B\u00fccher\/Jefferson_Bibeln\/Cover_Jefferson_Bibel_KING_JAMES-300x225.jpg\" alt=\"\" width=\"300\" height=\"225\"><\/a><\/td>\n<td style=\"width: 33.4304%; text-align: center; height: 28px;\"><a href=\"https:\/\/www.demdoctorseineseite.de\/wp-content\/uploads\/Artin\/B\u00fccher\/Jefferson_Bibeln\/Cover_Jefferson_Bibel_1912.jpg\"><img loading=\"lazy\" decoding=\"async\" class=\"aligncenter wp-image-1414 size-medium\" src=\"https:\/\/www.demdoctorseineseite.de\/wp-content\/uploads\/Artin\/B\u00fccher\/Jefferson_Bibeln\/Cover_Jefferson_Bibel_1912-300x224.jpg\" alt=\"\" width=\"300\" height=\"224\"><\/a><\/td>\n<td style=\"width: 31.8553%; height: 28px;\"><a href=\"https:\/\/www.demdoctorseineseite.de\/wp-content\/uploads\/Artin\/B\u00fccher\/Jefferson_Bibeln\/Cover_Jefferson_Bibel_1545.jpg\"><img loading=\"lazy\" decoding=\"async\" class=\"aligncenter wp-image-1413 size-medium\" src=\"https:\/\/www.demdoctorseineseite.de\/wp-content\/uploads\/Artin\/B\u00fccher\/Jefferson_Bibeln\/Cover_Jefferson_Bibel_1545-300x224.jpg\" alt=\"\" width=\"300\" height=\"224\"><\/a><\/td>\n<\/tr>\n<tr style=\"height: 24px;\">\n<td style=\"width: 33.2857%; text-align: center; height: 10px;\"><a href=\"https:\/\/www.demdoctorseineseite.de\/harutyun-artin\/buecher\/die-jefferson-bibeln\/\" target=\"_blank\" rel=\"noopener\">Die Jefferson Bibeln<\/a><\/td>\n<td style=\"width: 33.4304%; text-align: center; height: 10px;\"><a href=\"https:\/\/www.demdoctorseineseite.de\/harutyun-artin\/buecher\/die-jefferson-bibeln\/\" target=\"_blank\" rel=\"noopener\">Die Jefferson Bibeln<\/a><\/td>\n<td style=\"width: 31.8553%; text-align: center; height: 10px;\"><a href=\"https:\/\/www.demdoctorseineseite.de\/harutyun-artin\/buecher\/die-jefferson-bibeln\/\" target=\"_blank\" rel=\"noopener\">Die Jefferson Bibeln<\/a><\/td>\n<\/tr>\n<tr style=\"height: 222px;\">\n<td style=\"width: 33.2857%; text-align: center; height: 10px;\"><a href=\"https:\/\/www.demdoctorseineseite.de\/wp-content\/uploads\/Artin\/B\u00fccher\/Nothing\/COVER_NOTHING_1.0.jpg\"><img loading=\"lazy\" decoding=\"async\" class=\"aligncenter wp-image-1417 size-medium\" src=\"https:\/\/www.demdoctorseineseite.de\/wp-content\/uploads\/Artin\/B\u00fccher\/Nothing\/COVER_NOTHING_1.0-300x225.jpg\" alt=\"\" width=\"300\" height=\"225\"><\/a><\/td>\n<td style=\"width: 33.4304%; text-align: center; height: 10px;\"><a href=\"https:\/\/www.demdoctorseineseite.de\/wp-content\/uploads\/Artin\/B\u00fccher\/Nothing\/COVER_NOTHING_2.0.jpg\"><img loading=\"lazy\" decoding=\"async\" class=\"aligncenter wp-image-1419 size-medium\" src=\"https:\/\/www.demdoctorseineseite.de\/wp-content\/uploads\/Artin\/B\u00fccher\/Nothing\/COVER_NOTHING_2.0-300x217.jpg\" alt=\"\" width=\"300\" height=\"217\"><\/a><\/td>\n<td style=\"width: 31.8553%; height: 10px;\"><a href=\"https:\/\/www.demdoctorseineseite.de\/wp-content\/uploads\/B\u00fccher\/Schiessbuch_Cover_HP.jpg\"><img loading=\"lazy\" decoding=\"async\" class=\"alignleft size-medium wp-image-5986\" src=\"https:\/\/www.demdoctorseineseite.de\/wp-content\/uploads\/B\u00fccher\/Schiessbuch_Cover_HP-200x300.jpg\" alt=\"\" width=\"200\" height=\"300\"><\/a><\/td>\n<\/tr>\n<tr style=\"height: 38px;\">\n<td style=\"width: 33.2857%; text-align: center; height: 10px;\"><a href=\"https:\/\/www.demdoctorseineseite.de\/harutyun-artin\/buecher\/nothing\/\" target=\"_blank\" rel=\"noopener\">Nothing<\/a><\/td>\n<td style=\"width: 33.4304%; text-align: center; height: 10px;\"><a href=\"https:\/\/www.demdoctorseineseite.de\/harutyun-artin\/buecher\/nothing\/\" target=\"_blank\" rel=\"noopener\">Nothing<\/a><\/td>\n<td style=\"width: 31.8553%; height: 10px;\"><a href=\"https:\/\/www.demdoctorseineseite.de\/harutyun-artin\/buecher\/schiess-trainingsbuch\/\" target=\"_blank\" rel=\"noopener\">Schie\u00df- &amp; Trainingsbuch<\/a><\/td>\n<\/tr>\n<tr style=\"height: 38px;\">\n<td style=\"width: 33.2857%; height: 10px;\"><a href=\"https:\/\/www.demdoctorseineseite.de\/wp-content\/uploads\/B\u00fccher\/Vahric_Erinnerungen.jpg\"><img loading=\"lazy\" decoding=\"async\" class=\"alignleft size-medium wp-image-6244\" src=\"https:\/\/www.demdoctorseineseite.de\/wp-content\/uploads\/B\u00fccher\/Vahric_Erinnerungen-300x187.jpg\" alt=\"\" width=\"300\" height=\"187\"><\/a><\/td>\n<td style=\"width: 33.4304%; height: 10px;\"><a href=\"https:\/\/www.demdoctorseineseite.de\/wp-content\/uploads\/B\u00fccher\/Cover4HP-1.png\"><img loading=\"lazy\" decoding=\"async\" class=\"alignleft size-medium wp-image-5570\" src=\"https:\/\/www.demdoctorseineseite.de\/wp-content\/uploads\/B\u00fccher\/Cover4HP-1-300x216.png\" alt=\"\" width=\"300\" height=\"216\"><\/a><\/td>\n<td style=\"width: 31.8553%; height: 10px;\">&nbsp;<\/td>\n<\/tr>\n<tr style=\"height: 38px;\">\n<td style=\"width: 33.2857%; height: 38px;\"><a href=\"https:\/\/www.demdoctorseineseite.de\/harutyun-artin\/buecher\/bueyuekada-und-deutschland-bueyuekada-ve-almanya\/\" target=\"_blank\" rel=\"noopener\">Vahri\u00e7\u2019 Erinnerungen an B\u00fcy\u00fckada: B\u00fcy\u00fckadal\u0131 Vahri\u00e7\u2019in an\u0131lar\u0131<\/a><\/td>\n<td style=\"width: 33.4304%; text-align: center; height: 38px;\"><a href=\"https:\/\/www.demdoctorseineseite.de\/buecher\/bueyuekada-und-deutschland-bueyuekada-ve-almanya\/\" target=\"_blank\" rel=\"noopener\">B\u00fcy\u00fckada und Deutschland B\u00fcy\u00fckada ve Almanya<\/a><\/td>\n<td style=\"width: 31.8553%; text-align: center; height: 38px;\">&nbsp;<\/td>\n<\/tr>\n<tr style=\"height: 192px;\">\n<td style=\"width: 33.2857%; text-align: center; height: 192px;\"><a href=\"https:\/\/www.demdoctorseineseite.de\/wp-content\/uploads\/Artin\/B\u00fccher\/Krischtschian\/Krischtschian.png\"><img loading=\"lazy\" decoding=\"async\" class=\"alignleft size-medium wp-image-3539\" src=\"https:\/\/www.demdoctorseineseite.de\/wp-content\/uploads\/Artin\/B\u00fccher\/Krischtschian\/Krischtschian-300x236.png\" alt=\"\" width=\"300\" height=\"236\"><\/a><\/td>\n<td style=\"width: 33.4304%; height: 192px;\"><a href=\"https:\/\/www.demdoctorseineseite.de\/wp-content\/uploads\/Artin\/B\u00fccher\/Lepsius\/BerichtUberDieLage\/Lepsius-Bericht_\u00fceber_die_lage.jpg\"><img loading=\"lazy\" decoding=\"async\" class=\"alignleft size-medium wp-image-3533\" src=\"https:\/\/www.demdoctorseineseite.de\/wp-content\/uploads\/Artin\/B\u00fccher\/Lepsius\/BerichtUberDieLage\/Lepsius-Bericht_\u00fceber_die_lage-300x213.jpg\" alt=\"\" width=\"300\" height=\"213\"><\/a><\/td>\n<td style=\"width: 31.8553%; height: 192px;\">&nbsp;<\/td>\n<\/tr>\n<tr style=\"height: 97px;\">\n<td style=\"width: 33.2857%; text-align: center; height: 97px;\"><a href=\"https:\/\/www.demdoctorseineseite.de\/harutyun-artin\/buecher\/deutschland-und-die-ausrottung-der-armenier-in-der-tuerkei\/\" target=\"_blank\" rel=\"noopener\">Deutschland und die Ausrottung der Armenier in der T\u00fcrkei<\/a><\/td>\n<td style=\"width: 33.4304%; height: 97px;\"><a href=\"https:\/\/www.demdoctorseineseite.de\/harutyun-artin\/buecher\/3534-2\/\" target=\"_blank\" rel=\"noopener\">Bericht \u00fcber die Lage des Armenischen Volkes in der T\u00fcrkei<\/a><\/td>\n<td style=\"width: 31.8553%; height: 97px;\">&nbsp;<\/td>\n<\/tr>\n<tr style=\"height: 220px;\">\n<td style=\"width: 33.2857%; text-align: center; height: 10px;\"><a href=\"https:\/\/www.demdoctorseineseite.de\/wp-content\/uploads\/Artin\/B\u00fccher\/AlsJungeimheiligenLand\/Als-Junge-im-Heiligen-Land2.jpg\"><img loading=\"lazy\" decoding=\"async\" class=\"size-medium wp-image-4087 aligncenter\" src=\"https:\/\/www.demdoctorseineseite.de\/wp-content\/uploads\/Artin\/B\u00fccher\/AlsJungeimheiligenLand\/Als-Junge-im-Heiligen-Land2-300x222.jpg\" alt=\"\" width=\"300\" height=\"222\"><\/a><\/td>\n<td style=\"width: 33.4304%; height: 10px;\">&nbsp;<\/td>\n<td style=\"width: 31.8553%; height: 10px;\">&nbsp;<\/td>\n<\/tr>\n<tr style=\"height: 24px;\">\n<td style=\"width: 33.2857%; height: 10px;\"><a href=\"https:\/\/www.demdoctorseineseite.de\/harutyun-artin\/buecher\/als-junge-im-heiligen-land\/\" target=\"_blank\" rel=\"noopener\">Als Junge im heiligen Land<\/a><\/td>\n<td style=\"width: 33.4304%; height: 10px;\">&nbsp;<\/td>\n<td style=\"width: 31.8553%; height: 10px;\">&nbsp;<\/td>\n<\/tr>\n<tr style=\"height: 24px;\">\n<td style=\"width: 33.2857%; height: 85px;\">&nbsp;<\/p>\n<p>&nbsp;<\/td>\n<td style=\"width: 33.4304%; height: 85px;\">&nbsp;<\/td>\n<td style=\"width: 31.8553%; height: 85px;\">&nbsp;<\/td>\n<\/tr>\n<tr style=\"height: 24px;\">\n<td style=\"width: 33.2857%; height: 24px;\">&nbsp;<\/td>\n<td style=\"width: 33.4304%; height: 24px;\">&nbsp;<\/td>\n<td style=\"width: 31.8553%; height: 24px;\">&nbsp;<\/td>\n<\/tr>\n<\/tbody>\n<\/table>\n<p>&nbsp;<\/p>\n","protected":false},"excerpt":{"rendered":"<p>Hier meine Versuche als Autor. Sammlung vorz\u00fcglicher Hausmittel Briefe einer Katze OMA TRAB UND IHRE KATZE Bew\u00e4hrter und vollst\u00e4ndiger Hausdoktor Der Selbstarzt Neuer vollst\u00e4ndiger Hausdoktor Volksern\u00e4hrungsfragen (1908) BRANDY AND SALT Der kleine Hausdoktor &nbsp; 73 &amp; Pi Die 1000-Fache Fundgrube &nbsp; Die Jefferson Bibeln Die Jefferson Bibeln Die Jefferson Bibeln Nothing Nothing Schie\u00df- &amp; Trainingsbuch &nbsp; Vahri\u00e7\u2019 Erinnerungen an B\u00fcy\u00fckada:<\/p>\n","protected":false},"author":1,"featured_media":0,"parent":0,"menu_order":0,"comment_status":"closed","ping_status":"closed","template":"","meta":{"ngg_post_thumbnail":0,"footnotes":""},"class_list":["post-1779","page","type-page","status-publish","hentry"],"_links":{"self":[{"href":"https:\/\/www.dna4u.de\/DNA4U70\/wp-json\/wp\/v2\/pages\/1779","targetHints":{"allow":["GET"]}}],"collection":[{"href":"https:\/\/www.dna4u.de\/DNA4U70\/wp-json\/wp\/v2\/pages"}],"about":[{"href":"https:\/\/www.dna4u.de\/DNA4U70\/wp-json\/wp\/v2\/types\/page"}],"author":[{"embeddable":true,"href":"https:\/\/www.dna4u.de\/DNA4U70\/wp-json\/wp\/v2\/users\/1"}],"replies":[{"embeddable":true,"href":"https:\/\/www.dna4u.de\/DNA4U70\/wp-json\/wp\/v2\/comments?post=1779"}],"version-history":[{"count":7,"href":"https:\/\/www.dna4u.de\/DNA4U70\/wp-json\/wp\/v2\/pages\/1779\/revisions"}],"predecessor-version":[{"id":1801,"href":"https:\/\/www.dna4u.de\/DNA4U70\/wp-json\/wp\/v2\/pages\/1779\/revisions\/1801"}],"wp:attachment":[{"href":"https:\/\/www.dna4u.de\/DNA4U70\/wp-json\/wp\/v2\/media?parent=1779"}],"curies":[{"name":"wp","href":"https:\/\/api.w.org\/{rel}","templated":true}]}}