{"id":75,"date":"2019-03-29T16:14:26","date_gmt":"2019-03-29T15:14:26","guid":{"rendered":"https:\/\/www.dna4u.de\/DNA4U70\/?page_id=75"},"modified":"2023-12-27T07:59:20","modified_gmt":"2023-12-27T06:59:20","slug":"fragen","status":"publish","type":"page","link":"https:\/\/www.dna4u.de\/DNA4U70\/unser-produkt-2\/fragen\/","title":{"rendered":"Fragen?"},"content":{"rendered":"<div class=\"PostContent\">\n<p><a href=\"#Portokosten\">Wie hoch sind die Porto\/Verpackungskosten? <\/a><\/p>\n<p><a href=\"#Wannspeichelblut\">Wann Speichel, wann Blut?<\/a><\/p>\n<p><a href=\"#istesmeinedna\">Ist es meine DNA \/ mein Blut?<\/a><\/p>\n<p><a href=\"#wiebestelleich\">Wie bestelle ich den DNA-Schmuck oder die BLUT-Anh\u00e4nger?<\/a><\/p>\n<p><a href=\"#Blutentnahme\">Wie nehme ich das Blut ab?<\/a><\/p>\n<p><a href=\"https:\/\/www.dna4u.de\/dna4ucmsms\/index.php?page=faq3#mehrere_DNAs\">K\u00f6nnen auch mehrere DNAs in einen Anh\u00e4nger verpackt werden?<\/a><\/p>\n<p><a href=\"#Haustieren\">Kann ich auch DNA\/Blut von Haustieren verpackt bekommen?<\/a><\/p>\n<p><a href=\"#Kleinkind\">Was muss ich beachten, wenn die Probe von einem Kleinkind kommt?<\/a><\/p>\n<p><a href=\"#lieferung\">Wie lange dauert die Lieferung?<\/a><\/p>\n<p><a href=\"#ausland\">Liefern wir auch ins Ausland?<\/a><\/p>\n<p><a href=\"#restlicheprobe\">Was geschieht mit der restlichen Probe?<\/a><\/p>\n<p><a href=\"#Preise\">Wo finde ich die Preise?<\/a><\/p>\n<p>&nbsp;<\/p>\n<p><a id=\"Portokosten\"><\/a><strong>Wie hoch sind die Porto\/Verpackungskosten?<\/strong><\/p>\n<p style=\"text-align: justify;\">Die Versandspesen betragen 9.00 Euro innerhalb Deutschlands. Alle Preise sind incl. 19 % MWST.<\/p>\n<h4><span style=\"font-size: 11pt;\">Aufgrund der neuen Verpackungsverordnungen einiger EU L\u00e4nder versenden wir nicht mehr ins Ausland.<\/span><\/h4>\n<p style=\"text-align: justify;\">Sie k\u00f6nnen nat\u00fcrlich auch per Postanweisung das Geld an uns \u00fcbersenden.<br \/>\nUnsere Bankdaten sind auf der Rechnung zu finden.<\/p>\n<p style=\"text-align: justify;\"><a id=\"Wannspeichelblut\"><\/a><strong>Wann Speichel, wann Blut?<\/strong><\/p>\n<p style=\"text-align: justify;\">Wenn Sie einen DNA-Anh\u00e4nger w\u00fcnschen, dann ben\u00f6tigen wir Ihre Speichelprobe.<br \/>\nBei einem Blut-Anh\u00e4nger Ihr Blut.<\/p>\n<p style=\"text-align: justify;\">Bitte beachten Sie, dass wir <strong>aus BLUT KEINE DNA<\/strong> pr\u00e4parieren.<\/p>\n<p style=\"text-align: justify;\"><a id=\"istesmeinedna\"><\/a><strong>Ist es meine DNA \/ mein Blut?<\/strong><\/p>\n<p style=\"text-align: justify;\">Wir werden immer wieder gefragt ob wir auch wirklich die DNA\/das Blut verpacken welches uns zugeschickt wird.<br \/>\nWir haben nat\u00fcrlich Verst\u00e4ndnis f\u00fcr diese \u00c4ngste. Es w\u00e4re ein leichtes vorgefertigte Anh\u00e4nger zu nehmen. Aber dies w\u00fcrde den Gedanken dieses pers\u00f6nlichen und individuellen Ge(n)schenks zerst\u00f6ren.<br \/>\nWir k\u00f6nnen immer wieder nur versichern, dass wir die Probe, die uns zugeschickt wird, zu einem Ge(n)schenk verarbeitet haben.<br \/>\nSie bekommen zu Ihrem Ge(n)schenk auch ein Zertifikat, welches dies best\u00e4tigt.<\/p>\n<p style=\"text-align: justify;\"><a name=\"wiebestelleich\"><\/a><strong>Wie bestelle ich den DNA-Schmuck oder die BLUT-Anh\u00e4nger?<\/strong><\/p>\n<p style=\"text-align: justify;\">Sie gehen in den DNA4U-Shop (Sie k\u00f6nnen auch <a href=\"https:\/\/www.dna4u.de\/RS-73\/index.php\" target=\"_blank\" rel=\"noopener noreferrer\">HIER<\/a> klicken) und w\u00e4hlen sich das gew\u00fcnschte Produkt aus.<br \/>\nWenn Sie auf den kleinen Warenkorb auf der rechten Bildschirmseite klicken, wird das Produkt in den Warenkorb gelegt. Am oberen Bildschirmrand k\u00f6nnen Sie auf &#8222;KORB&#8220; klicken um sich anzusehen, was in Ihrem Warenkorb ist. Wenn Sie auf &#8222;Kasse&#8220; klicken gelangen Sie zum Bestellformular. Dort geben Sie Ihre Daten ein (Stra\u00dfe und Ort bitte nicht vergessen!). Wenn Sie nun auf &#8222;Das will ich haben&#8220; klicken, wird Ihre Bestellung an uns geschickt. Wir senden Ihnen dann unser DNA4U-Probenset zu. Sollte dieses Probenset nicht innerhalb von 4 Werktagen bei Ihnen eingetroffen sein, so melden Sie sich bitte bei uns.<br \/>\n<a href=\"https:\/\/www.dna4u.de\/DNA4U70\/wp-content\/uploads\/2022\/01\/DNA-BLUT-ANLEITUNG_2022.pdf\">Hier finden Sie die Anleitung dazu als PDF.<\/a><\/p>\n<p style=\"text-align: justify;\"><a id=\"Blutentnahme\"><\/a><strong>Wie nehme ich das Blut ab?<\/strong><\/p>\n<p style=\"text-align: justify;\">Wir empfehlen die Blutentnahme von geschultem Personal durchf\u00fchren zu lassen. Einige Kunden stechen sich mit einer sterilen Nadel in den Finger. Wir ben\u00f6tigen ca. 0,5-1 ml Blut.<\/p>\n<p style=\"text-align: justify;\"><a name=\"mehrere_DNAs\"><\/a><strong>K\u00f6nnen auch mehrere DNAs in einen Anh\u00e4nger verpackt werden?<\/strong><\/p>\n<p style=\"text-align: justify;\">Wir k\u00f6nnen auch mehrere DNAs in ein Ge(n)schenk verpacken. Dazu bitte den Artikel &#8222;zus\u00e4tzliche DNAs&#8220; mit in den Warenkorb legen. Wir haben schon bis zu 5 verschiedene DNAs in ein Ge(n)schenk verpackt.<\/p>\n<p style=\"text-align: justify;\"><a id=\"Haustieren\"><\/a><strong>Kann ich auch DNA\/Blut von Haustieren verpackt bekommen?<\/strong><\/p>\n<p style=\"text-align: justify;\">Nat\u00fcrlich k\u00f6nnen wir auch die DNA\/BLUT von Haustieren verwenden. Hunde k\u00f6nnen oft mit Futter zum Speicheln gebracht werden.&nbsp; Blutproben sollten vom Tierarzt entnommen werden.<\/p>\n<p style=\"text-align: justify;\"><a name=\"Kleinkind\"><\/a><strong>Was muss ich beachten, wenn die Probe von einem Kleinkind kommt?<\/strong><\/p>\n<p style=\"text-align: justify;\">Bei einem Kleinkind m\u00fcssten Sie versuchen mit einem kleinen L\u00f6ffel an den Wangeninnenseiten und der Zunge vorsichtig schaben, um so die Schleimhautzellen zu gewinnen.<br \/>\nSie k\u00f6nnen dies auch mehrmals machen, auch noch am n\u00e4chsten Tag, sobald der Speichel zum <em>storage buffer<\/em> gegeben wird, ist die DNA stabilisiert.<br \/>\nDiese Vorgehensweise funktioniert&nbsp; in den meisten F\u00e4llen.<\/p>\n<p style=\"text-align: justify;\">Wir k\u00f6nnen die DNA auch aus Nabelschnur und anderem Gewebe pr\u00e4parieren. Bitte geben Sie dies bei der Bestellung mit an, Sie erhalten dann ein DNA4U-Probenset f\u00fcr Gewebe.<\/p>\n<p style=\"text-align: justify;\"><a name=\"lieferung\"><\/a><strong>Wie lange dauert die Lieferung?<\/strong><\/p>\n<p style=\"text-align: justify;\">In der Regel schicken wir die Anh\u00e4nger innerhalb von 1-2 Wochen zur\u00fcck. Allerdings erst, wenn der Rechnungsbetrag unserem Konto gut geschrieben wurde.<br \/>\nWer eine raschere Lieferung der fertigen Ge(n)schenke durch die Post w\u00fcnscht, kann im DNA4U-SHOP zus\u00e4tzlich die Lieferung per Express w\u00e4hlen.<br \/>\nSchicken Sie die Probe NICHT per Einschreiben zur\u00fcck, wenn Sie sie nicht als &#8222;normalen&#8220; Brief zur\u00fcck senden m\u00f6chten, dann schicken Sie die Probe als <strong>EINWURF-EINSCHREIBEN<\/strong>, ist preiswerter und es muss niemand anwesend sein um den Brief zu empfangen. Einschreiben k\u00f6nnen von uns oftmals nicht abgeholt werden, da die Post die Ausgabestelle mehrere Kilometer von uns entfernt verlegt hat. Wenn Sie die Probe aus dem Ausland an uns verschicken und einen versicherten Versand\/Sendungsverfolgung w\u00fcnschen, dann versenden Sie die Probe als kleines Paket. Pakete werden vom Lieferdienst bei uns hinterlegt.<br \/>\nSie senden uns eine Mail, wenn Sie die Probe abgeschickt haben:<br \/>\n(BETREFF: &#8222;Ihre Kundennummer&#8220;, Probe verschickt).<\/p>\n<p style=\"text-align: justify;\"><span style=\"color: #ff0000;\" data-darkreader-inline-color=\"\">Wir versenden <strong>NICHT<\/strong> an Packstationen.<\/span><\/p>\n<p style=\"text-align: justify;\"><a name=\"ausland\"><\/a><strong>Liefern wir auch ins Ausland?<\/strong><\/p>\n<h4><span style=\"font-size: 11pt;\">Aufgrund der neuen Verpackungsverordnungen einiger EU L\u00e4nder versenden wir nicht mehr ins Ausland.<\/span><\/h4>\n<p style=\"text-align: justify;\">&nbsp;<\/p>\n<p style=\"text-align: justify;\"><a name=\"restlicheprobe\"><\/a><strong>Was geschieht mit der restlichen Probe?<\/strong><\/p>\n<p style=\"text-align: justify;\">Sollte nach der Pr\u00e4paration der Probe noch etwas von der Probe \u00fcbrig sein, so wird sie noch einige Zeit bei uns gelagert. Mit den Proben werden keine weiteren Versuche\/Untersuchungen gemacht.<\/p>\n<p style=\"text-align: justify;\"><a id=\"Preise\"><\/a><strong>Wo finde ich die Preise?<\/strong><\/p>\n<p style=\"text-align: justify;\">Die Preise sind im&nbsp; <a href=\"https:\/\/www.dna4u.de\/SHOPCMSMS\/index.htm\">SHOP<\/a> zu finden.<\/p>\n<\/div>\n","protected":false},"excerpt":{"rendered":"<p>Wie hoch sind die Porto\/Verpackungskosten? Wann Speichel, wann Blut? Ist es meine DNA \/ mein Blut? Wie bestelle ich den DNA-Schmuck oder die BLUT-Anh\u00e4nger? Wie nehme ich das Blut ab? K\u00f6nnen auch mehrere DNAs in einen Anh\u00e4nger verpackt werden? Kann ich auch DNA\/Blut von Haustieren verpackt bekommen? Was muss ich beachten, wenn die Probe von einem Kleinkind kommt? Wie lange<\/p>\n","protected":false},"author":1,"featured_media":0,"parent":78,"menu_order":1,"comment_status":"closed","ping_status":"closed","template":"","meta":{"ngg_post_thumbnail":0,"footnotes":""},"class_list":["post-75","page","type-page","status-publish","hentry"],"_links":{"self":[{"href":"https:\/\/www.dna4u.de\/DNA4U70\/wp-json\/wp\/v2\/pages\/75","targetHints":{"allow":["GET"]}}],"collection":[{"href":"https:\/\/www.dna4u.de\/DNA4U70\/wp-json\/wp\/v2\/pages"}],"about":[{"href":"https:\/\/www.dna4u.de\/DNA4U70\/wp-json\/wp\/v2\/types\/page"}],"author":[{"embeddable":true,"href":"https:\/\/www.dna4u.de\/DNA4U70\/wp-json\/wp\/v2\/users\/1"}],"replies":[{"embeddable":true,"href":"https:\/\/www.dna4u.de\/DNA4U70\/wp-json\/wp\/v2\/comments?post=75"}],"version-history":[{"count":21,"href":"https:\/\/www.dna4u.de\/DNA4U70\/wp-json\/wp\/v2\/pages\/75\/revisions"}],"predecessor-version":[{"id":1614,"href":"https:\/\/www.dna4u.de\/DNA4U70\/wp-json\/wp\/v2\/pages\/75\/revisions\/1614"}],"up":[{"embeddable":true,"href":"https:\/\/www.dna4u.de\/DNA4U70\/wp-json\/wp\/v2\/pages\/78"}],"wp:attachment":[{"href":"https:\/\/www.dna4u.de\/DNA4U70\/wp-json\/wp\/v2\/media?parent=75"}],"curies":[{"name":"wp","href":"https:\/\/api.w.org\/{rel}","templated":true}]}}