{"id":81,"date":"2019-03-29T16:20:37","date_gmt":"2019-03-29T15:20:37","guid":{"rendered":"https:\/\/www.dna4u.de\/DNA4U70\/?page_id=81"},"modified":"2019-03-29T16:30:00","modified_gmt":"2019-03-29T15:30:00","slug":"pressemappe","status":"publish","type":"page","link":"https:\/\/www.dna4u.de\/DNA4U70\/unser-produkt-2\/pressemappe\/","title":{"rendered":"Pressemappe"},"content":{"rendered":"<p style=\"text-align: justify;\">Hier finden Sie einige Fotos der Schmuckst\u00fccke f\u00fcr die Medien. Sie k\u00f6nnen Sie nach R\u00fccksprache mit uns nutzen, wobei das Copyright bei uns bleibt.<\/p>\n\n\t\t<style type=\"text\/css\">\n\t\t\t#gallery-1 {\n\t\t\t\tmargin: auto;\n\t\t\t}\n\t\t\t#gallery-1 .gallery-item {\n\t\t\t\tfloat: left;\n\t\t\t\tmargin-top: 10px;\n\t\t\t\ttext-align: center;\n\t\t\t\twidth: 20%;\n\t\t\t}\n\t\t\t#gallery-1 img {\n\t\t\t\tborder: 2px solid #cfcfcf;\n\t\t\t}\n\t\t\t#gallery-1 .gallery-caption {\n\t\t\t\tmargin-left: 0;\n\t\t\t}\n\t\t\t\/* see gallery_shortcode() in wp-includes\/media.php *\/\n\t\t<\/style>\n\t\t<div id='gallery-1' class='gallery galleryid-81 gallery-columns-5 gallery-size-thumbnail'><dl class='gallery-item'>\n\t\t\t<dt class='gallery-icon landscape'>\n\t\t\t\t<a href='https:\/\/www.dna4u.de\/DNA4U70\/wp-content\/uploads\/Images\/Pressemappe\/HERZ-CR.jpg'><img loading=\"lazy\" decoding=\"async\" width=\"150\" height=\"150\" src=\"https:\/\/www.dna4u.de\/DNA4U70\/wp-content\/uploads\/Images\/Pressemappe\/HERZ-CR-150x150.jpg\" class=\"attachment-thumbnail size-thumbnail\" alt=\"\" srcset=\"https:\/\/www.dna4u.de\/DNA4U70\/wp-content\/uploads\/Images\/Pressemappe\/HERZ-CR-150x150.jpg 150w, https:\/\/www.dna4u.de\/DNA4U70\/wp-content\/uploads\/Images\/Pressemappe\/HERZ-CR-90x90.jpg 90w, https:\/\/www.dna4u.de\/DNA4U70\/wp-content\/uploads\/Images\/Pressemappe\/HERZ-CR-75x75.jpg 75w, https:\/\/www.dna4u.de\/DNA4U70\/wp-content\/uploads\/Images\/Pressemappe\/HERZ-CR-250x250.jpg 250w\" sizes=\"auto, (max-width: 150px) 100vw, 150px\" \/><\/a>\n\t\t\t<\/dt><\/dl><dl class='gallery-item'>\n\t\t\t<dt class='gallery-icon landscape'>\n\t\t\t\t<a href='https:\/\/www.dna4u.de\/DNA4U70\/wp-content\/uploads\/Images\/Pressemappe\/DES-ANHAENGER-CR.jpg'><img loading=\"lazy\" decoding=\"async\" width=\"150\" height=\"150\" src=\"https:\/\/www.dna4u.de\/DNA4U70\/wp-content\/uploads\/Images\/Pressemappe\/DES-ANHAENGER-CR-150x150.jpg\" class=\"attachment-thumbnail size-thumbnail\" alt=\"\" srcset=\"https:\/\/www.dna4u.de\/DNA4U70\/wp-content\/uploads\/Images\/Pressemappe\/DES-ANHAENGER-CR-150x150.jpg 150w, https:\/\/www.dna4u.de\/DNA4U70\/wp-content\/uploads\/Images\/Pressemappe\/DES-ANHAENGER-CR-90x90.jpg 90w, https:\/\/www.dna4u.de\/DNA4U70\/wp-content\/uploads\/Images\/Pressemappe\/DES-ANHAENGER-CR-75x75.jpg 75w, https:\/\/www.dna4u.de\/DNA4U70\/wp-content\/uploads\/Images\/Pressemappe\/DES-ANHAENGER-CR-250x250.jpg 250w\" sizes=\"auto, (max-width: 150px) 100vw, 150px\" \/><\/a>\n\t\t\t<\/dt><\/dl><dl class='gallery-item'>\n\t\t\t<dt class='gallery-icon landscape'>\n\t\t\t\t<a href='https:\/\/www.dna4u.de\/DNA4U70\/wp-content\/uploads\/Images\/Pressemappe\/AnhaengerAD2B-CR.jpg'><img loading=\"lazy\" decoding=\"async\" width=\"150\" height=\"150\" src=\"https:\/\/www.dna4u.de\/DNA4U70\/wp-content\/uploads\/Images\/Pressemappe\/AnhaengerAD2B-CR-150x150.jpg\" class=\"attachment-thumbnail size-thumbnail\" alt=\"\" srcset=\"https:\/\/www.dna4u.de\/DNA4U70\/wp-content\/uploads\/Images\/Pressemappe\/AnhaengerAD2B-CR-150x150.jpg 150w, https:\/\/www.dna4u.de\/DNA4U70\/wp-content\/uploads\/Images\/Pressemappe\/AnhaengerAD2B-CR-90x90.jpg 90w, https:\/\/www.dna4u.de\/DNA4U70\/wp-content\/uploads\/Images\/Pressemappe\/AnhaengerAD2B-CR-75x75.jpg 75w, https:\/\/www.dna4u.de\/DNA4U70\/wp-content\/uploads\/Images\/Pressemappe\/AnhaengerAD2B-CR-250x250.jpg 250w\" sizes=\"auto, (max-width: 150px) 100vw, 150px\" \/><\/a>\n\t\t\t<\/dt><\/dl><dl class='gallery-item'>\n\t\t\t<dt class='gallery-icon landscape'>\n\t\t\t\t<a href='https:\/\/www.dna4u.de\/DNA4U70\/wp-content\/uploads\/Images\/Pressemappe\/SILBERSTAB-CR.jpg'><img loading=\"lazy\" decoding=\"async\" width=\"150\" height=\"150\" src=\"https:\/\/www.dna4u.de\/DNA4U70\/wp-content\/uploads\/Images\/Pressemappe\/SILBERSTAB-CR-150x150.jpg\" class=\"attachment-thumbnail size-thumbnail\" alt=\"\" srcset=\"https:\/\/www.dna4u.de\/DNA4U70\/wp-content\/uploads\/Images\/Pressemappe\/SILBERSTAB-CR-150x150.jpg 150w, https:\/\/www.dna4u.de\/DNA4U70\/wp-content\/uploads\/Images\/Pressemappe\/SILBERSTAB-CR-300x297.jpg 300w, https:\/\/www.dna4u.de\/DNA4U70\/wp-content\/uploads\/Images\/Pressemappe\/SILBERSTAB-CR-90x90.jpg 90w, https:\/\/www.dna4u.de\/DNA4U70\/wp-content\/uploads\/Images\/Pressemappe\/SILBERSTAB-CR-75x75.jpg 75w, https:\/\/www.dna4u.de\/DNA4U70\/wp-content\/uploads\/Images\/Pressemappe\/SILBERSTAB-CR-250x250.jpg 250w, https:\/\/www.dna4u.de\/DNA4U70\/wp-content\/uploads\/Images\/Pressemappe\/SILBERSTAB-CR.jpg 634w\" sizes=\"auto, (max-width: 150px) 100vw, 150px\" \/><\/a>\n\t\t\t<\/dt><\/dl><dl class='gallery-item'>\n\t\t\t<dt class='gallery-icon landscape'>\n\t\t\t\t<a href='https:\/\/www.dna4u.de\/DNA4U70\/wp-content\/uploads\/Images\/Pressemappe\/Herz-BLAU2-CR.jpg'><img loading=\"lazy\" decoding=\"async\" width=\"150\" height=\"150\" src=\"https:\/\/www.dna4u.de\/DNA4U70\/wp-content\/uploads\/Images\/Pressemappe\/Herz-BLAU2-CR-150x150.jpg\" class=\"attachment-thumbnail size-thumbnail\" alt=\"\" srcset=\"https:\/\/www.dna4u.de\/DNA4U70\/wp-content\/uploads\/Images\/Pressemappe\/Herz-BLAU2-CR-150x150.jpg 150w, https:\/\/www.dna4u.de\/DNA4U70\/wp-content\/uploads\/Images\/Pressemappe\/Herz-BLAU2-CR-90x90.jpg 90w, https:\/\/www.dna4u.de\/DNA4U70\/wp-content\/uploads\/Images\/Pressemappe\/Herz-BLAU2-CR-75x75.jpg 75w, https:\/\/www.dna4u.de\/DNA4U70\/wp-content\/uploads\/Images\/Pressemappe\/Herz-BLAU2-CR-250x250.jpg 250w\" sizes=\"auto, (max-width: 150px) 100vw, 150px\" \/><\/a>\n\t\t\t<\/dt><\/dl><br style=\"clear: both\" \/><dl class='gallery-item'>\n\t\t\t<dt class='gallery-icon portrait'>\n\t\t\t\t<a href='https:\/\/www.dna4u.de\/DNA4U70\/wp-content\/uploads\/Images\/Pressemappe\/HELIXGR-CR.jpg'><img loading=\"lazy\" decoding=\"async\" width=\"150\" height=\"150\" src=\"https:\/\/www.dna4u.de\/DNA4U70\/wp-content\/uploads\/Images\/Pressemappe\/HELIXGR-CR-150x150.jpg\" class=\"attachment-thumbnail size-thumbnail\" alt=\"\" srcset=\"https:\/\/www.dna4u.de\/DNA4U70\/wp-content\/uploads\/Images\/Pressemappe\/HELIXGR-CR-150x150.jpg 150w, https:\/\/www.dna4u.de\/DNA4U70\/wp-content\/uploads\/Images\/Pressemappe\/HELIXGR-CR-90x90.jpg 90w, https:\/\/www.dna4u.de\/DNA4U70\/wp-content\/uploads\/Images\/Pressemappe\/HELIXGR-CR-75x75.jpg 75w, https:\/\/www.dna4u.de\/DNA4U70\/wp-content\/uploads\/Images\/Pressemappe\/HELIXGR-CR-250x250.jpg 250w\" sizes=\"auto, (max-width: 150px) 100vw, 150px\" \/><\/a>\n\t\t\t<\/dt><\/dl><dl class='gallery-item'>\n\t\t\t<dt class='gallery-icon portrait'>\n\t\t\t\t<a href='https:\/\/www.dna4u.de\/DNA4U70\/wp-content\/uploads\/Images\/Pressemappe\/HELIXKETTE-CR.jpg'><img loading=\"lazy\" decoding=\"async\" width=\"150\" height=\"150\" src=\"https:\/\/www.dna4u.de\/DNA4U70\/wp-content\/uploads\/Images\/Pressemappe\/HELIXKETTE-CR-150x150.jpg\" class=\"attachment-thumbnail size-thumbnail\" alt=\"\" srcset=\"https:\/\/www.dna4u.de\/DNA4U70\/wp-content\/uploads\/Images\/Pressemappe\/HELIXKETTE-CR-150x150.jpg 150w, https:\/\/www.dna4u.de\/DNA4U70\/wp-content\/uploads\/Images\/Pressemappe\/HELIXKETTE-CR-90x90.jpg 90w, https:\/\/www.dna4u.de\/DNA4U70\/wp-content\/uploads\/Images\/Pressemappe\/HELIXKETTE-CR-75x75.jpg 75w, https:\/\/www.dna4u.de\/DNA4U70\/wp-content\/uploads\/Images\/Pressemappe\/HELIXKETTE-CR-250x250.jpg 250w, https:\/\/www.dna4u.de\/DNA4U70\/wp-content\/uploads\/Images\/Pressemappe\/HELIXKETTE-CR.jpg 416w\" sizes=\"auto, (max-width: 150px) 100vw, 150px\" \/><\/a>\n\t\t\t<\/dt><\/dl><dl class='gallery-item'>\n\t\t\t<dt class='gallery-icon landscape'>\n\t\t\t\t<a href='https:\/\/www.dna4u.de\/DNA4U70\/wp-content\/uploads\/Images\/Pressemappe\/DNA4U-600dpiCR.jpg'><img loading=\"lazy\" decoding=\"async\" width=\"150\" height=\"150\" src=\"https:\/\/www.dna4u.de\/DNA4U70\/wp-content\/uploads\/Images\/Pressemappe\/DNA4U-600dpiCR-150x150.jpg\" class=\"attachment-thumbnail size-thumbnail\" alt=\"\" srcset=\"https:\/\/www.dna4u.de\/DNA4U70\/wp-content\/uploads\/Images\/Pressemappe\/DNA4U-600dpiCR-150x150.jpg 150w, https:\/\/www.dna4u.de\/DNA4U70\/wp-content\/uploads\/Images\/Pressemappe\/DNA4U-600dpiCR-90x90.jpg 90w, https:\/\/www.dna4u.de\/DNA4U70\/wp-content\/uploads\/Images\/Pressemappe\/DNA4U-600dpiCR-75x75.jpg 75w, https:\/\/www.dna4u.de\/DNA4U70\/wp-content\/uploads\/Images\/Pressemappe\/DNA4U-600dpiCR-250x250.jpg 250w\" sizes=\"auto, (max-width: 150px) 100vw, 150px\" \/><\/a>\n\t\t\t<\/dt><\/dl><dl class='gallery-item'>\n\t\t\t<dt class='gallery-icon portrait'>\n\t\t\t\t<a href='https:\/\/www.dna4u.de\/DNA4U70\/wp-content\/uploads\/Images\/Pressemappe\/BLAU-FEST8mm-CR.jpg'><img loading=\"lazy\" decoding=\"async\" width=\"150\" height=\"150\" src=\"https:\/\/www.dna4u.de\/DNA4U70\/wp-content\/uploads\/Images\/Pressemappe\/BLAU-FEST8mm-CR-150x150.jpg\" class=\"attachment-thumbnail size-thumbnail\" alt=\"\" srcset=\"https:\/\/www.dna4u.de\/DNA4U70\/wp-content\/uploads\/Images\/Pressemappe\/BLAU-FEST8mm-CR-150x150.jpg 150w, https:\/\/www.dna4u.de\/DNA4U70\/wp-content\/uploads\/Images\/Pressemappe\/BLAU-FEST8mm-CR-90x90.jpg 90w, https:\/\/www.dna4u.de\/DNA4U70\/wp-content\/uploads\/Images\/Pressemappe\/BLAU-FEST8mm-CR-75x75.jpg 75w, https:\/\/www.dna4u.de\/DNA4U70\/wp-content\/uploads\/Images\/Pressemappe\/BLAU-FEST8mm-CR-250x250.jpg 250w\" sizes=\"auto, (max-width: 150px) 100vw, 150px\" \/><\/a>\n\t\t\t<\/dt><\/dl><dl class='gallery-item'>\n\t\t\t<dt class='gallery-icon portrait'>\n\t\t\t\t<a href='https:\/\/www.dna4u.de\/DNA4U70\/wp-content\/uploads\/Images\/Pressemappe\/DNAHARUTYUN5-CR.jpg'><img loading=\"lazy\" decoding=\"async\" width=\"150\" height=\"150\" src=\"https:\/\/www.dna4u.de\/DNA4U70\/wp-content\/uploads\/Images\/Pressemappe\/DNAHARUTYUN5-CR-150x150.jpg\" class=\"attachment-thumbnail size-thumbnail\" alt=\"\" srcset=\"https:\/\/www.dna4u.de\/DNA4U70\/wp-content\/uploads\/Images\/Pressemappe\/DNAHARUTYUN5-CR-150x150.jpg 150w, https:\/\/www.dna4u.de\/DNA4U70\/wp-content\/uploads\/Images\/Pressemappe\/DNAHARUTYUN5-CR-90x90.jpg 90w, https:\/\/www.dna4u.de\/DNA4U70\/wp-content\/uploads\/Images\/Pressemappe\/DNAHARUTYUN5-CR-75x75.jpg 75w, https:\/\/www.dna4u.de\/DNA4U70\/wp-content\/uploads\/Images\/Pressemappe\/DNAHARUTYUN5-CR-250x250.jpg 250w\" sizes=\"auto, (max-width: 150px) 100vw, 150px\" \/><\/a>\n\t\t\t<\/dt><\/dl><br style=\"clear: both\" \/><dl class='gallery-item'>\n\t\t\t<dt class='gallery-icon portrait'>\n\t\t\t\t<a href='https:\/\/www.dna4u.de\/DNA4U70\/wp-content\/uploads\/Images\/Pressemappe\/DNAHARUTYUN3-CR.jpg'><img loading=\"lazy\" decoding=\"async\" width=\"150\" height=\"150\" src=\"https:\/\/www.dna4u.de\/DNA4U70\/wp-content\/uploads\/Images\/Pressemappe\/DNAHARUTYUN3-CR-150x150.jpg\" class=\"attachment-thumbnail size-thumbnail\" alt=\"\" srcset=\"https:\/\/www.dna4u.de\/DNA4U70\/wp-content\/uploads\/Images\/Pressemappe\/DNAHARUTYUN3-CR-150x150.jpg 150w, https:\/\/www.dna4u.de\/DNA4U70\/wp-content\/uploads\/Images\/Pressemappe\/DNAHARUTYUN3-CR-90x90.jpg 90w, https:\/\/www.dna4u.de\/DNA4U70\/wp-content\/uploads\/Images\/Pressemappe\/DNAHARUTYUN3-CR-75x75.jpg 75w, https:\/\/www.dna4u.de\/DNA4U70\/wp-content\/uploads\/Images\/Pressemappe\/DNAHARUTYUN3-CR-250x250.jpg 250w\" sizes=\"auto, (max-width: 150px) 100vw, 150px\" \/><\/a>\n\t\t\t<\/dt><\/dl><dl class='gallery-item'>\n\t\t\t<dt class='gallery-icon portrait'>\n\t\t\t\t<a href='https:\/\/www.dna4u.de\/DNA4U70\/wp-content\/uploads\/Images\/Pressemappe\/DNAHARUTYUN2-CR.jpg'><img loading=\"lazy\" decoding=\"async\" width=\"150\" height=\"150\" src=\"https:\/\/www.dna4u.de\/DNA4U70\/wp-content\/uploads\/Images\/Pressemappe\/DNAHARUTYUN2-CR-150x150.jpg\" class=\"attachment-thumbnail size-thumbnail\" alt=\"\" srcset=\"https:\/\/www.dna4u.de\/DNA4U70\/wp-content\/uploads\/Images\/Pressemappe\/DNAHARUTYUN2-CR-150x150.jpg 150w, https:\/\/www.dna4u.de\/DNA4U70\/wp-content\/uploads\/Images\/Pressemappe\/DNAHARUTYUN2-CR-90x90.jpg 90w, https:\/\/www.dna4u.de\/DNA4U70\/wp-content\/uploads\/Images\/Pressemappe\/DNAHARUTYUN2-CR-75x75.jpg 75w, https:\/\/www.dna4u.de\/DNA4U70\/wp-content\/uploads\/Images\/Pressemappe\/DNAHARUTYUN2-CR-250x250.jpg 250w\" sizes=\"auto, (max-width: 150px) 100vw, 150px\" \/><\/a>\n\t\t\t<\/dt><\/dl><dl class='gallery-item'>\n\t\t\t<dt class='gallery-icon portrait'>\n\t\t\t\t<a href='https:\/\/www.dna4u.de\/DNA4U70\/wp-content\/uploads\/Images\/Pressemappe\/DNAFAELL5-CR.jpg'><img loading=\"lazy\" decoding=\"async\" width=\"150\" height=\"150\" src=\"https:\/\/www.dna4u.de\/DNA4U70\/wp-content\/uploads\/Images\/Pressemappe\/DNAFAELL5-CR-150x150.jpg\" class=\"attachment-thumbnail size-thumbnail\" alt=\"\" srcset=\"https:\/\/www.dna4u.de\/DNA4U70\/wp-content\/uploads\/Images\/Pressemappe\/DNAFAELL5-CR-150x150.jpg 150w, https:\/\/www.dna4u.de\/DNA4U70\/wp-content\/uploads\/Images\/Pressemappe\/DNAFAELL5-CR-90x90.jpg 90w, https:\/\/www.dna4u.de\/DNA4U70\/wp-content\/uploads\/Images\/Pressemappe\/DNAFAELL5-CR-75x75.jpg 75w, https:\/\/www.dna4u.de\/DNA4U70\/wp-content\/uploads\/Images\/Pressemappe\/DNAFAELL5-CR-250x250.jpg 250w\" sizes=\"auto, (max-width: 150px) 100vw, 150px\" \/><\/a>\n\t\t\t<\/dt><\/dl><dl class='gallery-item'>\n\t\t\t<dt class='gallery-icon portrait'>\n\t\t\t\t<a href='https:\/\/www.dna4u.de\/DNA4U70\/wp-content\/uploads\/Images\/Pressemappe\/DNAFAELL3-CR.jpg'><img loading=\"lazy\" decoding=\"async\" width=\"150\" height=\"150\" src=\"https:\/\/www.dna4u.de\/DNA4U70\/wp-content\/uploads\/Images\/Pressemappe\/DNAFAELL3-CR-150x150.jpg\" class=\"attachment-thumbnail size-thumbnail\" alt=\"\" srcset=\"https:\/\/www.dna4u.de\/DNA4U70\/wp-content\/uploads\/Images\/Pressemappe\/DNAFAELL3-CR-150x150.jpg 150w, https:\/\/www.dna4u.de\/DNA4U70\/wp-content\/uploads\/Images\/Pressemappe\/DNAFAELL3-CR-90x90.jpg 90w, https:\/\/www.dna4u.de\/DNA4U70\/wp-content\/uploads\/Images\/Pressemappe\/DNAFAELL3-CR-75x75.jpg 75w, https:\/\/www.dna4u.de\/DNA4U70\/wp-content\/uploads\/Images\/Pressemappe\/DNAFAELL3-CR-250x250.jpg 250w\" sizes=\"auto, (max-width: 150px) 100vw, 150px\" \/><\/a>\n\t\t\t<\/dt><\/dl><dl class='gallery-item'>\n\t\t\t<dt class='gallery-icon portrait'>\n\t\t\t\t<a href='https:\/\/www.dna4u.de\/DNA4U70\/wp-content\/uploads\/Images\/Pressemappe\/DNAFAELL2-CR.jpg'><img loading=\"lazy\" decoding=\"async\" width=\"150\" height=\"150\" src=\"https:\/\/www.dna4u.de\/DNA4U70\/wp-content\/uploads\/Images\/Pressemappe\/DNAFAELL2-CR-150x150.jpg\" class=\"attachment-thumbnail size-thumbnail\" alt=\"\" srcset=\"https:\/\/www.dna4u.de\/DNA4U70\/wp-content\/uploads\/Images\/Pressemappe\/DNAFAELL2-CR-150x150.jpg 150w, https:\/\/www.dna4u.de\/DNA4U70\/wp-content\/uploads\/Images\/Pressemappe\/DNAFAELL2-CR-90x90.jpg 90w, https:\/\/www.dna4u.de\/DNA4U70\/wp-content\/uploads\/Images\/Pressemappe\/DNAFAELL2-CR-75x75.jpg 75w, https:\/\/www.dna4u.de\/DNA4U70\/wp-content\/uploads\/Images\/Pressemappe\/DNAFAELL2-CR-250x250.jpg 250w\" sizes=\"auto, (max-width: 150px) 100vw, 150px\" \/><\/a>\n\t\t\t<\/dt><\/dl><br style=\"clear: both\" \/><dl class='gallery-item'>\n\t\t\t<dt class='gallery-icon portrait'>\n\t\t\t\t<a href='https:\/\/www.dna4u.de\/DNA4U70\/wp-content\/uploads\/Images\/Pressemappe\/DNAFAELL4-CR.jpg'><img loading=\"lazy\" decoding=\"async\" width=\"150\" height=\"150\" src=\"https:\/\/www.dna4u.de\/DNA4U70\/wp-content\/uploads\/Images\/Pressemappe\/DNAFAELL4-CR-150x150.jpg\" class=\"attachment-thumbnail size-thumbnail\" alt=\"\" srcset=\"https:\/\/www.dna4u.de\/DNA4U70\/wp-content\/uploads\/Images\/Pressemappe\/DNAFAELL4-CR-150x150.jpg 150w, https:\/\/www.dna4u.de\/DNA4U70\/wp-content\/uploads\/Images\/Pressemappe\/DNAFAELL4-CR-90x90.jpg 90w, https:\/\/www.dna4u.de\/DNA4U70\/wp-content\/uploads\/Images\/Pressemappe\/DNAFAELL4-CR-75x75.jpg 75w, https:\/\/www.dna4u.de\/DNA4U70\/wp-content\/uploads\/Images\/Pressemappe\/DNAFAELL4-CR-250x250.jpg 250w\" sizes=\"auto, (max-width: 150px) 100vw, 150px\" \/><\/a>\n\t\t\t<\/dt><\/dl><dl class='gallery-item'>\n\t\t\t<dt class='gallery-icon landscape'>\n\t\t\t\t<a href='https:\/\/www.dna4u.de\/DNA4U70\/wp-content\/uploads\/Images\/Pressemappe\/DNA4U-LAB8.jpg'><img loading=\"lazy\" decoding=\"async\" width=\"150\" height=\"150\" src=\"https:\/\/www.dna4u.de\/DNA4U70\/wp-content\/uploads\/Images\/Pressemappe\/DNA4U-LAB8-150x150.jpg\" class=\"attachment-thumbnail size-thumbnail\" alt=\"\" srcset=\"https:\/\/www.dna4u.de\/DNA4U70\/wp-content\/uploads\/Images\/Pressemappe\/DNA4U-LAB8-150x150.jpg 150w, https:\/\/www.dna4u.de\/DNA4U70\/wp-content\/uploads\/Images\/Pressemappe\/DNA4U-LAB8-90x90.jpg 90w, https:\/\/www.dna4u.de\/DNA4U70\/wp-content\/uploads\/Images\/Pressemappe\/DNA4U-LAB8-75x75.jpg 75w, https:\/\/www.dna4u.de\/DNA4U70\/wp-content\/uploads\/Images\/Pressemappe\/DNA4U-LAB8-250x250.jpg 250w\" sizes=\"auto, (max-width: 150px) 100vw, 150px\" \/><\/a>\n\t\t\t<\/dt><\/dl><dl class='gallery-item'>\n\t\t\t<dt class='gallery-icon landscape'>\n\t\t\t\t<a href='https:\/\/www.dna4u.de\/DNA4U70\/wp-content\/uploads\/Images\/Pressemappe\/DNAFAELLROT3-CR.jpg'><img loading=\"lazy\" decoding=\"async\" width=\"150\" height=\"150\" src=\"https:\/\/www.dna4u.de\/DNA4U70\/wp-content\/uploads\/Images\/Pressemappe\/DNAFAELLROT3-CR-150x150.jpg\" class=\"attachment-thumbnail size-thumbnail\" alt=\"\" srcset=\"https:\/\/www.dna4u.de\/DNA4U70\/wp-content\/uploads\/Images\/Pressemappe\/DNAFAELLROT3-CR-150x150.jpg 150w, https:\/\/www.dna4u.de\/DNA4U70\/wp-content\/uploads\/Images\/Pressemappe\/DNAFAELLROT3-CR-90x90.jpg 90w, https:\/\/www.dna4u.de\/DNA4U70\/wp-content\/uploads\/Images\/Pressemappe\/DNAFAELLROT3-CR-75x75.jpg 75w, https:\/\/www.dna4u.de\/DNA4U70\/wp-content\/uploads\/Images\/Pressemappe\/DNAFAELLROT3-CR-250x250.jpg 250w\" sizes=\"auto, (max-width: 150px) 100vw, 150px\" \/><\/a>\n\t\t\t<\/dt><\/dl><dl class='gallery-item'>\n\t\t\t<dt class='gallery-icon landscape'>\n\t\t\t\t<a href='https:\/\/www.dna4u.de\/DNA4U70\/wp-content\/uploads\/Images\/Pressemappe\/DNAFAELLROT2-CR.jpg'><img loading=\"lazy\" decoding=\"async\" width=\"150\" height=\"150\" src=\"https:\/\/www.dna4u.de\/DNA4U70\/wp-content\/uploads\/Images\/Pressemappe\/DNAFAELLROT2-CR-150x150.jpg\" class=\"attachment-thumbnail size-thumbnail\" alt=\"\" srcset=\"https:\/\/www.dna4u.de\/DNA4U70\/wp-content\/uploads\/Images\/Pressemappe\/DNAFAELLROT2-CR-150x150.jpg 150w, https:\/\/www.dna4u.de\/DNA4U70\/wp-content\/uploads\/Images\/Pressemappe\/DNAFAELLROT2-CR-90x90.jpg 90w, https:\/\/www.dna4u.de\/DNA4U70\/wp-content\/uploads\/Images\/Pressemappe\/DNAFAELLROT2-CR-75x75.jpg 75w, https:\/\/www.dna4u.de\/DNA4U70\/wp-content\/uploads\/Images\/Pressemappe\/DNAFAELLROT2-CR-250x250.jpg 250w\" sizes=\"auto, (max-width: 150px) 100vw, 150px\" \/><\/a>\n\t\t\t<\/dt><\/dl><dl class='gallery-item'>\n\t\t\t<dt class='gallery-icon landscape'>\n\t\t\t\t<a href='https:\/\/www.dna4u.de\/DNA4U70\/wp-content\/uploads\/Images\/Pressemappe\/DNAFAELLROT1-CR.jpg'><img loading=\"lazy\" decoding=\"async\" width=\"150\" height=\"150\" src=\"https:\/\/www.dna4u.de\/DNA4U70\/wp-content\/uploads\/Images\/Pressemappe\/DNAFAELLROT1-CR-150x150.jpg\" class=\"attachment-thumbnail size-thumbnail\" alt=\"\" srcset=\"https:\/\/www.dna4u.de\/DNA4U70\/wp-content\/uploads\/Images\/Pressemappe\/DNAFAELLROT1-CR-150x150.jpg 150w, https:\/\/www.dna4u.de\/DNA4U70\/wp-content\/uploads\/Images\/Pressemappe\/DNAFAELLROT1-CR-90x90.jpg 90w, https:\/\/www.dna4u.de\/DNA4U70\/wp-content\/uploads\/Images\/Pressemappe\/DNAFAELLROT1-CR-75x75.jpg 75w, https:\/\/www.dna4u.de\/DNA4U70\/wp-content\/uploads\/Images\/Pressemappe\/DNAFAELLROT1-CR-250x250.jpg 250w\" sizes=\"auto, (max-width: 150px) 100vw, 150px\" \/><\/a>\n\t\t\t<\/dt><\/dl><br style=\"clear: both\" \/><dl class='gallery-item'>\n\t\t\t<dt class='gallery-icon landscape'>\n\t\t\t\t<a href='https:\/\/www.dna4u.de\/DNA4U70\/wp-content\/uploads\/Images\/Pressemappe\/DNAFAELLROT4-CR.jpg'><img loading=\"lazy\" decoding=\"async\" width=\"150\" height=\"150\" src=\"https:\/\/www.dna4u.de\/DNA4U70\/wp-content\/uploads\/Images\/Pressemappe\/DNAFAELLROT4-CR-150x150.jpg\" class=\"attachment-thumbnail size-thumbnail\" alt=\"\" srcset=\"https:\/\/www.dna4u.de\/DNA4U70\/wp-content\/uploads\/Images\/Pressemappe\/DNAFAELLROT4-CR-150x150.jpg 150w, https:\/\/www.dna4u.de\/DNA4U70\/wp-content\/uploads\/Images\/Pressemappe\/DNAFAELLROT4-CR-90x90.jpg 90w, https:\/\/www.dna4u.de\/DNA4U70\/wp-content\/uploads\/Images\/Pressemappe\/DNAFAELLROT4-CR-75x75.jpg 75w, https:\/\/www.dna4u.de\/DNA4U70\/wp-content\/uploads\/Images\/Pressemappe\/DNAFAELLROT4-CR-250x250.jpg 250w\" sizes=\"auto, (max-width: 150px) 100vw, 150px\" \/><\/a>\n\t\t\t<\/dt><\/dl><dl class='gallery-item'>\n\t\t\t<dt class='gallery-icon landscape'>\n\t\t\t\t<a href='https:\/\/www.dna4u.de\/DNA4U70\/wp-content\/uploads\/Images\/Pressemappe\/DNAFAELLROT6-CR.jpg'><img loading=\"lazy\" decoding=\"async\" width=\"150\" height=\"150\" src=\"https:\/\/www.dna4u.de\/DNA4U70\/wp-content\/uploads\/Images\/Pressemappe\/DNAFAELLROT6-CR-150x150.jpg\" class=\"attachment-thumbnail size-thumbnail\" alt=\"\" srcset=\"https:\/\/www.dna4u.de\/DNA4U70\/wp-content\/uploads\/Images\/Pressemappe\/DNAFAELLROT6-CR-150x150.jpg 150w, https:\/\/www.dna4u.de\/DNA4U70\/wp-content\/uploads\/Images\/Pressemappe\/DNAFAELLROT6-CR-90x90.jpg 90w, https:\/\/www.dna4u.de\/DNA4U70\/wp-content\/uploads\/Images\/Pressemappe\/DNAFAELLROT6-CR-75x75.jpg 75w, https:\/\/www.dna4u.de\/DNA4U70\/wp-content\/uploads\/Images\/Pressemappe\/DNAFAELLROT6-CR-250x250.jpg 250w\" sizes=\"auto, (max-width: 150px) 100vw, 150px\" \/><\/a>\n\t\t\t<\/dt><\/dl>\n\t\t\t<br style='clear: both' \/>\n\t\t<\/div>\n\n","protected":false},"excerpt":{"rendered":"<p>Hier finden Sie einige Fotos der Schmuckst\u00fccke f\u00fcr die Medien. Sie k\u00f6nnen Sie nach R\u00fccksprache mit uns nutzen, wobei das Copyright bei uns bleibt.<\/p>\n","protected":false},"author":1,"featured_media":0,"parent":78,"menu_order":3,"comment_status":"closed","ping_status":"closed","template":"","meta":{"ngg_post_thumbnail":0,"footnotes":""},"class_list":["post-81","page","type-page","status-publish","hentry"],"_links":{"self":[{"href":"https:\/\/www.dna4u.de\/DNA4U70\/wp-json\/wp\/v2\/pages\/81","targetHints":{"allow":["GET"]}}],"collection":[{"href":"https:\/\/www.dna4u.de\/DNA4U70\/wp-json\/wp\/v2\/pages"}],"about":[{"href":"https:\/\/www.dna4u.de\/DNA4U70\/wp-json\/wp\/v2\/types\/page"}],"author":[{"embeddable":true,"href":"https:\/\/www.dna4u.de\/DNA4U70\/wp-json\/wp\/v2\/users\/1"}],"replies":[{"embeddable":true,"href":"https:\/\/www.dna4u.de\/DNA4U70\/wp-json\/wp\/v2\/comments?post=81"}],"version-history":[{"count":4,"href":"https:\/\/www.dna4u.de\/DNA4U70\/wp-json\/wp\/v2\/pages\/81\/revisions"}],"predecessor-version":[{"id":107,"href":"https:\/\/www.dna4u.de\/DNA4U70\/wp-json\/wp\/v2\/pages\/81\/revisions\/107"}],"up":[{"embeddable":true,"href":"https:\/\/www.dna4u.de\/DNA4U70\/wp-json\/wp\/v2\/pages\/78"}],"wp:attachment":[{"href":"https:\/\/www.dna4u.de\/DNA4U70\/wp-json\/wp\/v2\/media?parent=81"}],"curies":[{"name":"wp","href":"https:\/\/api.w.org\/{rel}","templated":true}]}}